{"id":6955,"date":"2024-12-26T16:56:54","date_gmt":"2024-12-26T16:56:54","guid":{"rendered":"https:\/\/hotelskaoprema.ba\/?post_type=product&#038;p=6955"},"modified":"2024-12-27T09:54:24","modified_gmt":"2024-12-27T09:54:24","slug":"drveni-ofinger-sa-zakrivljenom-kukom","status":"publish","type":"product","link":"https:\/\/hotelassortment.com\/sl\/artikli\/drveni-ofinger-sa-zakrivljenom-kukom","title":{"rendered":"Drveni ofinger sa zakrivljenom kukom"},"content":{"rendered":"<ul>\n<li>Ovaj ofinger dizajniran je za kori\u0161tenje u hotelima i drugim ugostiteljskim objektima<\/li>\n<li>\u0160ipka za vje\u0161anje hla\u010da<\/li>\n<\/ul>\n","protected":false},"excerpt":{"rendered":"<p>Ovaj ofinger dizajniran je za kori\u0161tenje u hotelima i drugim ugostiteljskim objektima \u0160ipka za vje\u0161anje hla\u010da<\/p>\n","protected":false},"featured_media":6958,"template":"","meta":{"_acf_changed":false},"product_brand":[],"product_cat":[78],"product_tag":[],"class_list":{"0":"post-6955","1":"product","2":"type-product","3":"status-publish","4":"has-post-thumbnail","6":"product_cat-ostalo","8":"first","9":"instock","10":"shipping-taxable","11":"product-type-variable"},"acf":[],"_links":{"self":[{"href":"https:\/\/hotelassortment.com\/sl\/wp-json\/wp\/v2\/product\/6955","targetHints":{"allow":["GET"]}}],"collection":[{"href":"https:\/\/hotelassortment.com\/sl\/wp-json\/wp\/v2\/product"}],"about":[{"href":"https:\/\/hotelassortment.com\/sl\/wp-json\/wp\/v2\/types\/product"}],"wp:featuredmedia":[{"embeddable":true,"href":"https:\/\/hotelassortment.com\/sl\/wp-json\/wp\/v2\/media\/6958"}],"wp:attachment":[{"href":"https:\/\/hotelassortment.com\/sl\/wp-json\/wp\/v2\/media?parent=6955"}],"wp:term":[{"taxonomy":"product_brand","embeddable":true,"href":"https:\/\/hotelassortment.com\/sl\/wp-json\/wp\/v2\/product_brand?post=6955"},{"taxonomy":"product_cat","embeddable":true,"href":"https:\/\/hotelassortment.com\/sl\/wp-json\/wp\/v2\/product_cat?post=6955"},{"taxonomy":"product_tag","embeddable":true,"href":"https:\/\/hotelassortment.com\/sl\/wp-json\/wp\/v2\/product_tag?post=6955"}],"curies":[{"name":"wp","href":"https:\/\/api.w.org\/{rel}","templated":true}]}}