{"id":6951,"date":"2024-12-26T16:48:39","date_gmt":"2024-12-26T16:48:39","guid":{"rendered":"https:\/\/hotelskaoprema.ba\/?post_type=product&#038;p=6951"},"modified":"2024-12-26T16:48:40","modified_gmt":"2024-12-26T16:48:40","slug":"drveni-ofinger-s-prstenom-protiv-kradje-i-drzacem-za-hlace","status":"publish","type":"product","link":"https:\/\/hotelassortment.com\/sl\/artikli\/drveni-ofinger-s-prstenom-protiv-kradje-i-drzacem-za-hlace","title":{"rendered":"Drveni ofinger s prstenom protiv kra\u0111e i dr\u017ea\u010dem za hla\u010de"},"content":{"rendered":"<ul>\n<li>Ovaj ofinger dizajniran je za kori\u0161tenje u hotelima i drugim ugostiteljskim objektima<\/li>\n<li>Posjeduju kromirani prsten protiv kra\u0111e<\/li>\n<li>\u0160tipaljice za razli\u010dite vrste odje\u0107e, od hla\u010da do suknji<\/li>\n<\/ul>\n","protected":false},"excerpt":{"rendered":"<p>Ovaj ofinger dizajniran je za kori\u0161tenje u hotelima i drugim ugostiteljskim objektima Posjeduju kromirani prsten protiv kra\u0111e \u0160tipaljice za razli\u010dite vrste odje\u0107e, od hla\u010da do suknji<\/p>\n","protected":false},"featured_media":6954,"template":"","meta":{"_acf_changed":false},"product_brand":[],"product_cat":[78],"product_tag":[],"class_list":{"0":"post-6951","1":"product","2":"type-product","3":"status-publish","4":"has-post-thumbnail","6":"product_cat-ostalo","8":"first","9":"instock","10":"shipping-taxable","11":"product-type-variable"},"acf":[],"_links":{"self":[{"href":"https:\/\/hotelassortment.com\/sl\/wp-json\/wp\/v2\/product\/6951","targetHints":{"allow":["GET"]}}],"collection":[{"href":"https:\/\/hotelassortment.com\/sl\/wp-json\/wp\/v2\/product"}],"about":[{"href":"https:\/\/hotelassortment.com\/sl\/wp-json\/wp\/v2\/types\/product"}],"wp:featuredmedia":[{"embeddable":true,"href":"https:\/\/hotelassortment.com\/sl\/wp-json\/wp\/v2\/media\/6954"}],"wp:attachment":[{"href":"https:\/\/hotelassortment.com\/sl\/wp-json\/wp\/v2\/media?parent=6951"}],"wp:term":[{"taxonomy":"product_brand","embeddable":true,"href":"https:\/\/hotelassortment.com\/sl\/wp-json\/wp\/v2\/product_brand?post=6951"},{"taxonomy":"product_cat","embeddable":true,"href":"https:\/\/hotelassortment.com\/sl\/wp-json\/wp\/v2\/product_cat?post=6951"},{"taxonomy":"product_tag","embeddable":true,"href":"https:\/\/hotelassortment.com\/sl\/wp-json\/wp\/v2\/product_tag?post=6951"}],"curies":[{"name":"wp","href":"https:\/\/api.w.org\/{rel}","templated":true}]}}