{"id":6939,"date":"2024-12-26T16:36:05","date_gmt":"2024-12-26T16:36:05","guid":{"rendered":"https:\/\/hotelskaoprema.ba\/?post_type=product&#038;p=6939"},"modified":"2024-12-26T16:36:05","modified_gmt":"2024-12-26T16:36:05","slug":"pletena-uzad-za-hotelske-barijere","status":"publish","type":"product","link":"https:\/\/hotelassortment.com\/sl\/artikli\/pletena-uzad-za-hotelske-barijere","title":{"rendered":"Pletena u\u017ead za hotelske barijere"},"content":{"rendered":"<ul>\n<li>Ova pletena u\u017ead sa kromiranim zaka\u010dkama posebno je dizajnirana za upotrebu sa stupovima za kontrolu gu\u017eve, pru\u017eaju\u0107i elegantno i u\u010dinkovito rje\u0161enje za ozna\u010davanje podru\u010dja ili usmjeravanje gostiju u hotelima, kongresnim dvoranama i drugim objektima<\/li>\n<li>Te\u017eina od 1,5kg omogu\u0107uje stabilan polo\u017eaj u\u017eeta, dok zaka\u010dke omogu\u0107uju sigurno i jednostavno pri\u010dvr\u0161\u0107ivanje na stupove<\/li>\n<\/ul>\n","protected":false},"excerpt":{"rendered":"<p>Ova pletena u\u017ead sa kromiranim zaka\u010dkama posebno je dizajnirana za upotrebu sa stupovima za kontrolu gu\u017eve, pru\u017eaju\u0107i elegantno i u\u010dinkovito rje\u0161enje za ozna\u010davanje podru\u010dja ili usmjeravanje gostiju u hotelima, kongresnim dvoranama i drugim objektima Te\u017eina od 1,5kg omogu\u0107uje stabilan polo\u017eaj u\u017eeta, dok zaka\u010dke omogu\u0107uju sigurno i jednostavno pri\u010dvr\u0161\u0107ivanje na stupove<\/p>\n","protected":false},"featured_media":6945,"template":"","meta":{"_acf_changed":false},"product_brand":[],"product_cat":[78],"product_tag":[],"class_list":{"0":"post-6939","1":"product","2":"type-product","3":"status-publish","4":"has-post-thumbnail","6":"product_cat-ostalo","8":"first","9":"instock","10":"shipping-taxable","11":"product-type-variable"},"acf":[],"_links":{"self":[{"href":"https:\/\/hotelassortment.com\/sl\/wp-json\/wp\/v2\/product\/6939","targetHints":{"allow":["GET"]}}],"collection":[{"href":"https:\/\/hotelassortment.com\/sl\/wp-json\/wp\/v2\/product"}],"about":[{"href":"https:\/\/hotelassortment.com\/sl\/wp-json\/wp\/v2\/types\/product"}],"wp:featuredmedia":[{"embeddable":true,"href":"https:\/\/hotelassortment.com\/sl\/wp-json\/wp\/v2\/media\/6945"}],"wp:attachment":[{"href":"https:\/\/hotelassortment.com\/sl\/wp-json\/wp\/v2\/media?parent=6939"}],"wp:term":[{"taxonomy":"product_brand","embeddable":true,"href":"https:\/\/hotelassortment.com\/sl\/wp-json\/wp\/v2\/product_brand?post=6939"},{"taxonomy":"product_cat","embeddable":true,"href":"https:\/\/hotelassortment.com\/sl\/wp-json\/wp\/v2\/product_cat?post=6939"},{"taxonomy":"product_tag","embeddable":true,"href":"https:\/\/hotelassortment.com\/sl\/wp-json\/wp\/v2\/product_tag?post=6939"}],"curies":[{"name":"wp","href":"https:\/\/api.w.org\/{rel}","templated":true}]}}