{"id":6931,"date":"2024-12-26T15:58:13","date_gmt":"2024-12-26T15:58:13","guid":{"rendered":"https:\/\/hotelskaoprema.ba\/?post_type=product&#038;p=6931"},"modified":"2024-12-26T15:58:13","modified_gmt":"2024-12-26T15:58:13","slug":"stalak-za-presvlacenje-beba","status":"publish","type":"product","link":"https:\/\/hotelassortment.com\/sl\/artikli\/stalak-za-presvlacenje-beba","title":{"rendered":"Stalak za presvla\u010denje beba"},"content":{"rendered":"<ul>\n<li>Ovaj sklopivi stalak za prematanje, izra\u0111ena od HDPE-a (polietilena visoke gusto\u0107e)<\/li>\n<li>Stalak nudi prakti\u010dno i sigurno rje\u0161enje za njegu novoro\u0111en\u010dadi u smje\u0161tajima poput hotela, pansiona ili apartmana<\/li>\n<li>Dizajnirana za maksimalnu u\u0161tedu prostora<\/li>\n<\/ul>\n","protected":false},"excerpt":{"rendered":"<p>Ovaj sklopivi stalak za prematanje, izra\u0111ena od HDPE-a (polietilena visoke gusto\u0107e) Stalak nudi prakti\u010dno i sigurno rje\u0161enje za njegu novoro\u0111en\u010dadi u smje\u0161tajima poput hotela, pansiona ili apartmana Dizajnirana za maksimalnu u\u0161tedu prostora<\/p>\n","protected":false},"featured_media":6932,"template":"","meta":{"_acf_changed":false},"product_brand":[],"product_cat":[78],"product_tag":[],"class_list":{"0":"post-6931","1":"product","2":"type-product","3":"status-publish","4":"has-post-thumbnail","6":"product_cat-ostalo","8":"first","9":"outofstock","10":"shipping-taxable","11":"product-type-variable"},"acf":[],"_links":{"self":[{"href":"https:\/\/hotelassortment.com\/sl\/wp-json\/wp\/v2\/product\/6931","targetHints":{"allow":["GET"]}}],"collection":[{"href":"https:\/\/hotelassortment.com\/sl\/wp-json\/wp\/v2\/product"}],"about":[{"href":"https:\/\/hotelassortment.com\/sl\/wp-json\/wp\/v2\/types\/product"}],"wp:featuredmedia":[{"embeddable":true,"href":"https:\/\/hotelassortment.com\/sl\/wp-json\/wp\/v2\/media\/6932"}],"wp:attachment":[{"href":"https:\/\/hotelassortment.com\/sl\/wp-json\/wp\/v2\/media?parent=6931"}],"wp:term":[{"taxonomy":"product_brand","embeddable":true,"href":"https:\/\/hotelassortment.com\/sl\/wp-json\/wp\/v2\/product_brand?post=6931"},{"taxonomy":"product_cat","embeddable":true,"href":"https:\/\/hotelassortment.com\/sl\/wp-json\/wp\/v2\/product_cat?post=6931"},{"taxonomy":"product_tag","embeddable":true,"href":"https:\/\/hotelassortment.com\/sl\/wp-json\/wp\/v2\/product_tag?post=6931"}],"curies":[{"name":"wp","href":"https:\/\/api.w.org\/{rel}","templated":true}]}}