{"id":6929,"date":"2024-12-26T15:45:57","date_gmt":"2024-12-26T15:45:57","guid":{"rendered":"https:\/\/hotelskaoprema.ba\/?post_type=product&#038;p=6929"},"modified":"2024-12-26T15:45:57","modified_gmt":"2024-12-26T15:45:57","slug":"zglobno-kozmeticko-ogledalo-2","status":"publish","type":"product","link":"https:\/\/hotelassortment.com\/sl\/artikli\/zglobno-kozmeticko-ogledalo-2","title":{"rendered":"Zglobno kozmeti\u010dko ogledalo"},"content":{"rendered":"<ul>\n<li>Pogodno za hotele i kozmeti\u010dke salone<\/li>\n<li>Izra\u0111eno od visokokvalitetnog nehr\u0111aju\u0107eg \u010delika s poliranom kromiranom zavr\u0161nom obradom<\/li>\n<li>S promjerom od 20cm i monta\u017eom na jednoj ruci, ovo ogledalo je prakti\u010dno i fleksibilno<\/li>\n<li>Nudi dvije razine pove\u0107anja: jedna strana pru\u017ea normalan odraz (1x), dok druga strana nudi 3x pove\u0107anje<\/li>\n<\/ul>\n","protected":false},"excerpt":{"rendered":"<p>Pogodno za hotele i kozmeti\u010dke salone Izra\u0111eno od visokokvalitetnog nehr\u0111aju\u0107eg \u010delika s poliranom kromiranom zavr\u0161nom obradom S promjerom od 20cm i monta\u017eom na jednoj ruci, ovo ogledalo je prakti\u010dno i fleksibilno Nudi dvije razine pove\u0107anja: jedna strana pru\u017ea normalan odraz (1x), dok druga strana nudi 3x pove\u0107anje<\/p>\n","protected":false},"featured_media":6930,"template":"","meta":{"_acf_changed":false},"product_brand":[],"product_cat":[78],"product_tag":[],"class_list":{"0":"post-6929","1":"product","2":"type-product","3":"status-publish","4":"has-post-thumbnail","6":"product_cat-ostalo","8":"first","9":"outofstock","10":"shipping-taxable","11":"product-type-variable"},"acf":[],"_links":{"self":[{"href":"https:\/\/hotelassortment.com\/sl\/wp-json\/wp\/v2\/product\/6929","targetHints":{"allow":["GET"]}}],"collection":[{"href":"https:\/\/hotelassortment.com\/sl\/wp-json\/wp\/v2\/product"}],"about":[{"href":"https:\/\/hotelassortment.com\/sl\/wp-json\/wp\/v2\/types\/product"}],"wp:featuredmedia":[{"embeddable":true,"href":"https:\/\/hotelassortment.com\/sl\/wp-json\/wp\/v2\/media\/6930"}],"wp:attachment":[{"href":"https:\/\/hotelassortment.com\/sl\/wp-json\/wp\/v2\/media?parent=6929"}],"wp:term":[{"taxonomy":"product_brand","embeddable":true,"href":"https:\/\/hotelassortment.com\/sl\/wp-json\/wp\/v2\/product_brand?post=6929"},{"taxonomy":"product_cat","embeddable":true,"href":"https:\/\/hotelassortment.com\/sl\/wp-json\/wp\/v2\/product_cat?post=6929"},{"taxonomy":"product_tag","embeddable":true,"href":"https:\/\/hotelassortment.com\/sl\/wp-json\/wp\/v2\/product_tag?post=6929"}],"curies":[{"name":"wp","href":"https:\/\/api.w.org\/{rel}","templated":true}]}}