{"id":6904,"date":"2024-12-26T09:51:08","date_gmt":"2024-12-26T09:51:08","guid":{"rendered":"https:\/\/hotelskaoprema.ba\/?post_type=product&#038;p=6904"},"modified":"2024-12-26T09:51:08","modified_gmt":"2024-12-26T09:51:08","slug":"kanta-za-otpatke-sa-pedalom-za-odvajanje-otpada-s-tri-unutrasnje-kante","status":"publish","type":"product","link":"https:\/\/hotelassortment.com\/sl\/artikli\/kanta-za-otpatke-sa-pedalom-za-odvajanje-otpada-s-tri-unutrasnje-kante","title":{"rendered":"Kanta za otpatke sa pedalom za odvajanje otpada s tri unutra\u0161nje kante"},"content":{"rendered":"<ul>\n<li>Kanta pogodna za kori\u0161tenje u zatvorenim prostorijama<\/li>\n<li>Izra\u0111ena od nehr\u0111aju\u0107eg \u010delika i polipropilena, osigurava trajnost i \u010dvrsto\u0107u, dok plasti\u010dna unutra\u0161nja obloga olak\u0161ava \u010di\u0161\u0107enje i odr\u017eavanje higijene<\/li>\n<\/ul>\n","protected":false},"excerpt":{"rendered":"<p>Kanta pogodna za kori\u0161tenje u zatvorenim prostorijama Izra\u0111ena od nehr\u0111aju\u0107eg \u010delika i polipropilena, osigurava trajnost i \u010dvrsto\u0107u, dok plasti\u010dna unutra\u0161nja obloga olak\u0161ava \u010di\u0161\u0107enje i odr\u017eavanje higijene<\/p>\n","protected":false},"featured_media":6905,"template":"","meta":{"_acf_changed":false},"product_brand":[],"product_cat":[75],"product_tag":[],"class_list":{"0":"post-6904","1":"product","2":"type-product","3":"status-publish","4":"has-post-thumbnail","6":"product_cat-kante-za-otpatke","8":"first","9":"outofstock","10":"shipping-taxable","11":"product-type-variable"},"acf":[],"_links":{"self":[{"href":"https:\/\/hotelassortment.com\/sl\/wp-json\/wp\/v2\/product\/6904","targetHints":{"allow":["GET"]}}],"collection":[{"href":"https:\/\/hotelassortment.com\/sl\/wp-json\/wp\/v2\/product"}],"about":[{"href":"https:\/\/hotelassortment.com\/sl\/wp-json\/wp\/v2\/types\/product"}],"wp:featuredmedia":[{"embeddable":true,"href":"https:\/\/hotelassortment.com\/sl\/wp-json\/wp\/v2\/media\/6905"}],"wp:attachment":[{"href":"https:\/\/hotelassortment.com\/sl\/wp-json\/wp\/v2\/media?parent=6904"}],"wp:term":[{"taxonomy":"product_brand","embeddable":true,"href":"https:\/\/hotelassortment.com\/sl\/wp-json\/wp\/v2\/product_brand?post=6904"},{"taxonomy":"product_cat","embeddable":true,"href":"https:\/\/hotelassortment.com\/sl\/wp-json\/wp\/v2\/product_cat?post=6904"},{"taxonomy":"product_tag","embeddable":true,"href":"https:\/\/hotelassortment.com\/sl\/wp-json\/wp\/v2\/product_tag?post=6904"}],"curies":[{"name":"wp","href":"https:\/\/api.w.org\/{rel}","templated":true}]}}