{"id":6887,"date":"2024-12-26T09:34:03","date_gmt":"2024-12-26T09:34:03","guid":{"rendered":"https:\/\/hotelskaoprema.ba\/?post_type=product&#038;p=6887"},"modified":"2024-12-26T09:34:03","modified_gmt":"2024-12-26T09:34:03","slug":"kanta-za-otpatke-cetvrtastog-oblika-sa-pedalom-od-nehrdjajuceg-celika","status":"publish","type":"product","link":"https:\/\/hotelassortment.com\/sl\/artikli\/kanta-za-otpatke-cetvrtastog-oblika-sa-pedalom-od-nehrdjajuceg-celika","title":{"rendered":"Kanta za otpatke \u010detvrtastog oblika sa pedalom od nehr\u0111aju\u0107eg \u010delika"},"content":{"rendered":"<ul>\n<li>Kanta pogodna za kori\u0161tenje u zatvorenim prostorijama<\/li>\n<li>Izra\u0111ena od nehr\u0111aju\u0107eg \u010delika, osigurava trajnost i \u010dvrsto\u0107u, dok plasti\u010dna unutra\u0161nja obloga olak\u0161ava \u010di\u0161\u0107enje i odr\u017eavanje higijene<\/li>\n<\/ul>\n","protected":false},"excerpt":{"rendered":"<p>Kanta pogodna za kori\u0161tenje u zatvorenim prostorijama Izra\u0111ena od nehr\u0111aju\u0107eg \u010delika, osigurava trajnost i \u010dvrsto\u0107u, dok plasti\u010dna unutra\u0161nja obloga olak\u0161ava \u010di\u0161\u0107enje i odr\u017eavanje higijene<\/p>\n","protected":false},"featured_media":6888,"template":"","meta":{"_acf_changed":false},"product_brand":[],"product_cat":[75],"product_tag":[],"class_list":{"0":"post-6887","1":"product","2":"type-product","3":"status-publish","4":"has-post-thumbnail","6":"product_cat-kante-za-otpatke","8":"first","9":"instock","10":"shipping-taxable","11":"product-type-variable"},"acf":[],"_links":{"self":[{"href":"https:\/\/hotelassortment.com\/sl\/wp-json\/wp\/v2\/product\/6887","targetHints":{"allow":["GET"]}}],"collection":[{"href":"https:\/\/hotelassortment.com\/sl\/wp-json\/wp\/v2\/product"}],"about":[{"href":"https:\/\/hotelassortment.com\/sl\/wp-json\/wp\/v2\/types\/product"}],"wp:featuredmedia":[{"embeddable":true,"href":"https:\/\/hotelassortment.com\/sl\/wp-json\/wp\/v2\/media\/6888"}],"wp:attachment":[{"href":"https:\/\/hotelassortment.com\/sl\/wp-json\/wp\/v2\/media?parent=6887"}],"wp:term":[{"taxonomy":"product_brand","embeddable":true,"href":"https:\/\/hotelassortment.com\/sl\/wp-json\/wp\/v2\/product_brand?post=6887"},{"taxonomy":"product_cat","embeddable":true,"href":"https:\/\/hotelassortment.com\/sl\/wp-json\/wp\/v2\/product_cat?post=6887"},{"taxonomy":"product_tag","embeddable":true,"href":"https:\/\/hotelassortment.com\/sl\/wp-json\/wp\/v2\/product_tag?post=6887"}],"curies":[{"name":"wp","href":"https:\/\/api.w.org\/{rel}","templated":true}]}}