{"id":6880,"date":"2024-12-25T15:35:42","date_gmt":"2024-12-25T15:35:42","guid":{"rendered":"https:\/\/hotelskaoprema.ba\/?post_type=product&#038;p=6880"},"modified":"2024-12-25T15:37:31","modified_gmt":"2024-12-25T15:37:31","slug":"plasticna-kanta-za-otpatke","status":"publish","type":"product","link":"https:\/\/hotelassortment.com\/sl\/artikli\/plasticna-kanta-za-otpatke","title":{"rendered":"Plasti\u010dna kanta za otpatke sa pedalom"},"content":{"rendered":"<ul>\n<li>Polipropilen<\/li>\n<li>Kanta pogodna za kori\u0161tenje u zatvorenim prostorijama<\/li>\n<li>Sadr\u017ei uklonjivu unutra\u0161nju kantu<\/li>\n<\/ul>\n","protected":false},"excerpt":{"rendered":"<p>Polipropilen Kanta pogodna za kori\u0161tenje u zatvorenim prostorijama Sadr\u017ei uklonjivu unutra\u0161nju kantu<\/p>\n","protected":false},"featured_media":6881,"template":"","meta":{"_acf_changed":false},"product_brand":[],"product_cat":[75],"product_tag":[],"class_list":{"0":"post-6880","1":"product","2":"type-product","3":"status-publish","4":"has-post-thumbnail","6":"product_cat-kante-za-otpatke","8":"first","9":"instock","10":"shipping-taxable","11":"product-type-variable"},"acf":[],"_links":{"self":[{"href":"https:\/\/hotelassortment.com\/sl\/wp-json\/wp\/v2\/product\/6880","targetHints":{"allow":["GET"]}}],"collection":[{"href":"https:\/\/hotelassortment.com\/sl\/wp-json\/wp\/v2\/product"}],"about":[{"href":"https:\/\/hotelassortment.com\/sl\/wp-json\/wp\/v2\/types\/product"}],"wp:featuredmedia":[{"embeddable":true,"href":"https:\/\/hotelassortment.com\/sl\/wp-json\/wp\/v2\/media\/6881"}],"wp:attachment":[{"href":"https:\/\/hotelassortment.com\/sl\/wp-json\/wp\/v2\/media?parent=6880"}],"wp:term":[{"taxonomy":"product_brand","embeddable":true,"href":"https:\/\/hotelassortment.com\/sl\/wp-json\/wp\/v2\/product_brand?post=6880"},{"taxonomy":"product_cat","embeddable":true,"href":"https:\/\/hotelassortment.com\/sl\/wp-json\/wp\/v2\/product_cat?post=6880"},{"taxonomy":"product_tag","embeddable":true,"href":"https:\/\/hotelassortment.com\/sl\/wp-json\/wp\/v2\/product_tag?post=6880"}],"curies":[{"name":"wp","href":"https:\/\/api.w.org\/{rel}","templated":true}]}}