{"id":6865,"date":"2024-12-25T15:09:39","date_gmt":"2024-12-25T15:09:39","guid":{"rendered":"https:\/\/hotelskaoprema.ba\/?post_type=product&#038;p=6865"},"modified":"2024-12-25T15:09:40","modified_gmt":"2024-12-25T15:09:40","slug":"kanta-za-otpatke-od-nehrdjajuceg-celika-s-tri-plasticna-odjeljka-za-reciklazu","status":"publish","type":"product","link":"https:\/\/hotelassortment.com\/sl\/artikli\/kanta-za-otpatke-od-nehrdjajuceg-celika-s-tri-plasticna-odjeljka-za-reciklazu","title":{"rendered":"Kanta za otpatke od nehr\u0111aju\u0107eg \u010delika s tri plasti\u010dna odjeljka za recikla\u017eu"},"content":{"rendered":"<ul>\n<li>Kanta pogodna za kori\u0161tenje u sobi<\/li>\n<li>Izra\u0111ena od nehr\u0111aju\u0107eg \u010delika radi trajnosti i jednostavnog odr\u017eavanja, sadr\u017ei 3 plasti\u010dna odjeljka u bojama (crna, plava i sme\u0111a), omogu\u0107uju\u0107i efikasno razdvajanje otpada prema razli\u010ditim kategorijama recikla\u017ee<\/li>\n<li>S ukupnim kapacitetom od 10l, idealno je dimenzionirana za upotrebu u sobama ili zajedni\u010dkim prostorijama, bez zauzimanja previ\u0161e prostora<\/li>\n<\/ul>\n","protected":false},"excerpt":{"rendered":"<p>Kanta pogodna za kori\u0161tenje u sobi Izra\u0111ena od nehr\u0111aju\u0107eg \u010delika radi trajnosti i jednostavnog odr\u017eavanja, sadr\u017ei 3 plasti\u010dna odjeljka u bojama (crna, plava i sme\u0111a), omogu\u0107uju\u0107i efikasno razdvajanje otpada prema razli\u010ditim kategorijama recikla\u017ee S ukupnim kapacitetom od 10l, idealno je dimenzionirana za upotrebu u sobama ili zajedni\u010dkim prostorijama, bez zauzimanja previ\u0161e prostora<\/p>\n","protected":false},"featured_media":6866,"template":"","meta":{"_acf_changed":false},"product_brand":[],"product_cat":[75],"product_tag":[],"class_list":{"0":"post-6865","1":"product","2":"type-product","3":"status-publish","4":"has-post-thumbnail","6":"product_cat-kante-za-otpatke","8":"first","9":"outofstock","10":"shipping-taxable","11":"product-type-variable"},"acf":[],"_links":{"self":[{"href":"https:\/\/hotelassortment.com\/sl\/wp-json\/wp\/v2\/product\/6865","targetHints":{"allow":["GET"]}}],"collection":[{"href":"https:\/\/hotelassortment.com\/sl\/wp-json\/wp\/v2\/product"}],"about":[{"href":"https:\/\/hotelassortment.com\/sl\/wp-json\/wp\/v2\/types\/product"}],"wp:featuredmedia":[{"embeddable":true,"href":"https:\/\/hotelassortment.com\/sl\/wp-json\/wp\/v2\/media\/6866"}],"wp:attachment":[{"href":"https:\/\/hotelassortment.com\/sl\/wp-json\/wp\/v2\/media?parent=6865"}],"wp:term":[{"taxonomy":"product_brand","embeddable":true,"href":"https:\/\/hotelassortment.com\/sl\/wp-json\/wp\/v2\/product_brand?post=6865"},{"taxonomy":"product_cat","embeddable":true,"href":"https:\/\/hotelassortment.com\/sl\/wp-json\/wp\/v2\/product_cat?post=6865"},{"taxonomy":"product_tag","embeddable":true,"href":"https:\/\/hotelassortment.com\/sl\/wp-json\/wp\/v2\/product_tag?post=6865"}],"curies":[{"name":"wp","href":"https:\/\/api.w.org\/{rel}","templated":true}]}}