{"id":6863,"date":"2024-12-25T14:57:52","date_gmt":"2024-12-25T14:57:52","guid":{"rendered":"https:\/\/hotelskaoprema.ba\/?post_type=product&#038;p=6863"},"modified":"2024-12-25T15:11:33","modified_gmt":"2024-12-25T15:11:33","slug":"kanta-za-otpatke-od-nehrdjajuceg-celika-sa-sistemom-za-zakljucavanje-vrecica","status":"publish","type":"product","link":"https:\/\/hotelassortment.com\/sl\/artikli\/kanta-za-otpatke-od-nehrdjajuceg-celika-sa-sistemom-za-zakljucavanje-vrecica","title":{"rendered":"Kanta za otpatke od nehr\u0111aju\u0107eg \u010delika sa sistemom za zaklju\u010davanje vre\u0107ica"},"content":{"rendered":"<ul>\n<li>Kanta pogodna za kori\u0161tenje u kupatilu<\/li>\n<li>Opremljena sistemom za zaklju\u010davanje vre\u0107ica, osigurava maksimalnu higijenu olak\u0161avaju\u0107i zamjenu i odr\u017eavanje<\/li>\n<\/ul>\n","protected":false},"excerpt":{"rendered":"<p>Kanta pogodna za kori\u0161tenje u kupatilu Opremljena sistemom za zaklju\u010davanje vre\u0107ica, osigurava maksimalnu higijenu olak\u0161avaju\u0107i zamjenu i odr\u017eavanje<\/p>\n","protected":false},"featured_media":6864,"template":"","meta":{"_acf_changed":false},"product_brand":[],"product_cat":[75],"product_tag":[],"class_list":{"0":"post-6863","1":"product","2":"type-product","3":"status-publish","4":"has-post-thumbnail","6":"product_cat-kante-za-otpatke","8":"first","9":"outofstock","10":"shipping-taxable","11":"product-type-variable"},"acf":[],"_links":{"self":[{"href":"https:\/\/hotelassortment.com\/sl\/wp-json\/wp\/v2\/product\/6863","targetHints":{"allow":["GET"]}}],"collection":[{"href":"https:\/\/hotelassortment.com\/sl\/wp-json\/wp\/v2\/product"}],"about":[{"href":"https:\/\/hotelassortment.com\/sl\/wp-json\/wp\/v2\/types\/product"}],"wp:featuredmedia":[{"embeddable":true,"href":"https:\/\/hotelassortment.com\/sl\/wp-json\/wp\/v2\/media\/6864"}],"wp:attachment":[{"href":"https:\/\/hotelassortment.com\/sl\/wp-json\/wp\/v2\/media?parent=6863"}],"wp:term":[{"taxonomy":"product_brand","embeddable":true,"href":"https:\/\/hotelassortment.com\/sl\/wp-json\/wp\/v2\/product_brand?post=6863"},{"taxonomy":"product_cat","embeddable":true,"href":"https:\/\/hotelassortment.com\/sl\/wp-json\/wp\/v2\/product_cat?post=6863"},{"taxonomy":"product_tag","embeddable":true,"href":"https:\/\/hotelassortment.com\/sl\/wp-json\/wp\/v2\/product_tag?post=6863"}],"curies":[{"name":"wp","href":"https:\/\/api.w.org\/{rel}","templated":true}]}}