{"id":6858,"date":"2024-12-25T09:51:45","date_gmt":"2024-12-25T09:51:45","guid":{"rendered":"https:\/\/hotelskaoprema.ba\/?post_type=product&#038;p=6858"},"modified":"2024-12-25T09:58:36","modified_gmt":"2024-12-25T09:58:36","slug":"jednokrilni-metalni-garderobni-ormar","status":"publish","type":"product","link":"https:\/\/hotelassortment.com\/sl\/artikli\/jednokrilni-metalni-garderobni-ormar","title":{"rendered":"Jednokrilni metalni garderobni ormar"},"content":{"rendered":"<ul>\n<li>Dvokrilni ormari\u0107 za prljavu i \u010distu odje\u0107u s unutra\u0161njom pregradom, koristan za odvajanje prljave od \u010diste odje\u0107e u dva odjeljka iste veli\u010dine<\/li>\n<li>Za svaki odjeljak predvi\u0111eni su gornja polica, vje\u0161alica za odje\u0107u i kuka za odje\u0107u<\/li>\n<li>Proizvod je izra\u0111en od \u010deli\u010dnog lima i isporu\u010duje se rastavljen<\/li>\n<li>Ormari\u0107 dolazi s bravom na klju\u010d<\/li>\n<\/ul>\n","protected":false},"excerpt":{"rendered":"<p>Dvokrilni ormari\u0107 za prljavu i \u010distu odje\u0107u s unutra\u0161njom pregradom, koristan za odvajanje prljave od \u010diste odje\u0107e u dva odjeljka iste veli\u010dine Za svaki odjeljak predvi\u0111eni su gornja polica, vje\u0161alica za odje\u0107u i kuka za odje\u0107u Proizvod je izra\u0111en od \u010deli\u010dnog lima i isporu\u010duje se rastavljen Ormari\u0107 dolazi s bravom na klju\u010d<\/p>\n","protected":false},"featured_media":6860,"template":"","meta":{"_acf_changed":false},"product_brand":[],"product_cat":[92],"product_tag":[],"class_list":{"0":"post-6858","1":"product","2":"type-product","3":"status-publish","4":"has-post-thumbnail","6":"product_cat-garderobni-ormari","8":"first","9":"outofstock","10":"shipping-taxable","11":"product-type-variable"},"acf":[],"_links":{"self":[{"href":"https:\/\/hotelassortment.com\/sl\/wp-json\/wp\/v2\/product\/6858","targetHints":{"allow":["GET"]}}],"collection":[{"href":"https:\/\/hotelassortment.com\/sl\/wp-json\/wp\/v2\/product"}],"about":[{"href":"https:\/\/hotelassortment.com\/sl\/wp-json\/wp\/v2\/types\/product"}],"wp:featuredmedia":[{"embeddable":true,"href":"https:\/\/hotelassortment.com\/sl\/wp-json\/wp\/v2\/media\/6860"}],"wp:attachment":[{"href":"https:\/\/hotelassortment.com\/sl\/wp-json\/wp\/v2\/media?parent=6858"}],"wp:term":[{"taxonomy":"product_brand","embeddable":true,"href":"https:\/\/hotelassortment.com\/sl\/wp-json\/wp\/v2\/product_brand?post=6858"},{"taxonomy":"product_cat","embeddable":true,"href":"https:\/\/hotelassortment.com\/sl\/wp-json\/wp\/v2\/product_cat?post=6858"},{"taxonomy":"product_tag","embeddable":true,"href":"https:\/\/hotelassortment.com\/sl\/wp-json\/wp\/v2\/product_tag?post=6858"}],"curies":[{"name":"wp","href":"https:\/\/api.w.org\/{rel}","templated":true}]}}