{"id":6850,"date":"2024-12-24T14:53:15","date_gmt":"2024-12-24T14:53:15","guid":{"rendered":"https:\/\/hotelskaoprema.ba\/?post_type=product&#038;p=6850"},"modified":"2024-12-24T14:53:15","modified_gmt":"2024-12-24T14:53:15","slug":"krema-za-aparat-za-ciscenje-cipela","status":"publish","type":"product","link":"https:\/\/hotelassortment.com\/sl\/artikli\/krema-za-aparat-za-ciscenje-cipela","title":{"rendered":"Krema za aparat za \u010di\u0161\u0107enje cipela"},"content":{"rendered":"<ul>\n<li>Neutralna krema namijenjena za aparat za \u010di\u0161\u0107enje cipela<\/li>\n<li>Njegova neutralna formula osigurava maksimalnu kompatibilnost s razli\u010ditim bojama i vrstama ko\u017ee, \u0161to je \u010dini idealnom za \u0161irok spektar obu\u0107e<\/li>\n<\/ul>\n","protected":false},"excerpt":{"rendered":"<p>Neutralna krema namijenjena za aparat za \u010di\u0161\u0107enje cipela Njegova neutralna formula osigurava maksimalnu kompatibilnost s razli\u010ditim bojama i vrstama ko\u017ee, \u0161to je \u010dini idealnom za \u0161irok spektar obu\u0107e<\/p>\n","protected":false},"featured_media":6853,"template":"","meta":{"_acf_changed":false},"product_brand":[],"product_cat":[63],"product_tag":[],"class_list":{"0":"post-6850","1":"product","2":"type-product","3":"status-publish","4":"has-post-thumbnail","6":"product_cat-aparati-za-ciscenje-cipela","8":"first","9":"instock","10":"shipping-taxable","11":"product-type-variable"},"acf":[],"_links":{"self":[{"href":"https:\/\/hotelassortment.com\/sl\/wp-json\/wp\/v2\/product\/6850","targetHints":{"allow":["GET"]}}],"collection":[{"href":"https:\/\/hotelassortment.com\/sl\/wp-json\/wp\/v2\/product"}],"about":[{"href":"https:\/\/hotelassortment.com\/sl\/wp-json\/wp\/v2\/types\/product"}],"wp:featuredmedia":[{"embeddable":true,"href":"https:\/\/hotelassortment.com\/sl\/wp-json\/wp\/v2\/media\/6853"}],"wp:attachment":[{"href":"https:\/\/hotelassortment.com\/sl\/wp-json\/wp\/v2\/media?parent=6850"}],"wp:term":[{"taxonomy":"product_brand","embeddable":true,"href":"https:\/\/hotelassortment.com\/sl\/wp-json\/wp\/v2\/product_brand?post=6850"},{"taxonomy":"product_cat","embeddable":true,"href":"https:\/\/hotelassortment.com\/sl\/wp-json\/wp\/v2\/product_cat?post=6850"},{"taxonomy":"product_tag","embeddable":true,"href":"https:\/\/hotelassortment.com\/sl\/wp-json\/wp\/v2\/product_tag?post=6850"}],"curies":[{"name":"wp","href":"https:\/\/api.w.org\/{rel}","templated":true}]}}