{"id":6848,"date":"2024-12-24T14:47:32","date_gmt":"2024-12-24T14:47:32","guid":{"rendered":"https:\/\/hotelskaoprema.ba\/?post_type=product&#038;p=6848"},"modified":"2025-09-05T11:37:43","modified_gmt":"2025-09-05T11:37:43","slug":"mini-aparat-za-ciscenje-cipela","status":"publish","type":"product","link":"https:\/\/hotelassortment.com\/sl\/artikli\/mini-aparat-za-ciscenje-cipela","title":{"rendered":"Mini aparat za \u010di\u0161\u0107enje cipela"},"content":{"rendered":"<ul>\n<li data-start=\"86\" data-end=\"328\">Ovaj elektri\u010dni \u010dista\u010d cipela idealno je rje\u0161enje za hotele koji \u017eele svojim gostima ponuditi dodatnu vrijednu uslugu.<\/li>\n<li data-start=\"86\" data-end=\"328\">Opremljen automatskim sistemom uklju\u010divanja\/isklju\u010divanja na bazi senzora, garantuje intuitivno i bez napora rukovanje.<\/li>\n<li data-start=\"86\" data-end=\"328\">Ure\u0111aj dolazi sa 2 zamjenjive i perive \u010detke \u2013 jednom za svijetle, a drugom za tamne cipele \u2013 \u0161to omogu\u0107ava efikasno \u010di\u0161\u0107enje i poliranje bez obzira na boju obu\u0107e.<\/li>\n<li data-start=\"86\" data-end=\"328\">Zahvaljuju\u0107i rezervoaru za vosak od 150 ml, koji dolazi sa bo\u010dicom voska, svoje cipele mo\u017eete odr\u017eavati sjajnim i urednim u svakom trenutku.<\/li>\n<li data-start=\"86\" data-end=\"328\">Sa snagom od 100 W i brzinom rotacije \u010detke od 1200 o\/min, ovaj \u010dista\u010d cipela kombinuje efikasnost i visok u\u010dinak.<\/li>\n<li data-start=\"86\" data-end=\"328\">Njegove kompaktne dimenzije od 37x21x33 cm omogu\u0107avaju jednostavno postavljanje u svaku prostoriju, nude\u0107i luksuz i udobnost hotelskim gostima<\/li>\n<\/ul>\n","protected":false},"excerpt":{"rendered":"<p>Ovaj elektri\u010dni \u010dista\u010d cipela idealno je rje\u0161enje za hotele koji \u017eele svojim gostima ponuditi dodatnu vrijednu uslugu. Opremljen automatskim sistemom uklju\u010divanja\/isklju\u010divanja na bazi senzora, garantuje intuitivno i bez napora rukovanje. Ure\u0111aj dolazi sa 2 zamjenjive i perive \u010detke \u2013 jednom za svijetle, a drugom za tamne cipele \u2013 \u0161to omogu\u0107ava efikasno \u010di\u0161\u0107enje i poliranje bez [&hellip;]<\/p>\n","protected":false},"featured_media":6849,"template":"","meta":{"_acf_changed":false},"product_brand":[],"product_cat":[63],"product_tag":[],"class_list":{"0":"post-6848","1":"product","2":"type-product","3":"status-publish","4":"has-post-thumbnail","6":"product_cat-aparati-za-ciscenje-cipela","8":"first","9":"instock","10":"shipping-taxable","11":"product-type-simple"},"acf":[],"_links":{"self":[{"href":"https:\/\/hotelassortment.com\/sl\/wp-json\/wp\/v2\/product\/6848","targetHints":{"allow":["GET"]}}],"collection":[{"href":"https:\/\/hotelassortment.com\/sl\/wp-json\/wp\/v2\/product"}],"about":[{"href":"https:\/\/hotelassortment.com\/sl\/wp-json\/wp\/v2\/types\/product"}],"wp:featuredmedia":[{"embeddable":true,"href":"https:\/\/hotelassortment.com\/sl\/wp-json\/wp\/v2\/media\/6849"}],"wp:attachment":[{"href":"https:\/\/hotelassortment.com\/sl\/wp-json\/wp\/v2\/media?parent=6848"}],"wp:term":[{"taxonomy":"product_brand","embeddable":true,"href":"https:\/\/hotelassortment.com\/sl\/wp-json\/wp\/v2\/product_brand?post=6848"},{"taxonomy":"product_cat","embeddable":true,"href":"https:\/\/hotelassortment.com\/sl\/wp-json\/wp\/v2\/product_cat?post=6848"},{"taxonomy":"product_tag","embeddable":true,"href":"https:\/\/hotelassortment.com\/sl\/wp-json\/wp\/v2\/product_tag?post=6848"}],"curies":[{"name":"wp","href":"https:\/\/api.w.org\/{rel}","templated":true}]}}