{"id":6840,"date":"2024-12-24T14:17:18","date_gmt":"2024-12-24T14:17:18","guid":{"rendered":"https:\/\/hotelskaoprema.ba\/?post_type=product&#038;p=6840"},"modified":"2024-12-24T14:17:18","modified_gmt":"2024-12-24T14:17:18","slug":"set-za-peglanje","status":"publish","type":"product","link":"https:\/\/hotelassortment.com\/sl\/artikli\/set-za-peglanje","title":{"rendered":"Set za peglanje"},"content":{"rendered":"<ul>\n<li><strong>Sadr\u017eaj seta:<\/strong> pegla, daska za peglanje, dr\u017ea\u010d za peglu<\/li>\n<li><strong>Pegla;<\/strong> opremljena je senzorom pokreta za automatsko isklju\u010divanje nakon 30 sekundi neaktivnosti na grija\u010du i 5 minuta u uspravnom polo\u017eaju, osigurava sigurnost i u\u0161tedu energije. Snaga pegle je 1800W<\/li>\n<li><strong>Daska za peglanje;<\/strong> Opremljena rotiraju\u0107im ku\u0107i\u0161tem otpornih na toplinu za peglu, ova daska ima \u010dvrst, lagan okvir s funkcijom za\u0161tite od kra\u0111e koja sprje\u010dava uklanjanje pegle. Pokriva\u010d je aluminiziran i podstavljen filcom, s gornjom mre\u017eicom koja omogu\u0107ava prozra\u010dnost i metalik sivo premazano prahom. Nudi 7 nivoa pode\u0161avanja visine do 850mm, s gornjim dimenzijama 110 x 33cm, \u0161to osigurava udobnost i svestranost upotrebe.<\/li>\n<li><strong>Dr\u017ea\u010d za peglu;<\/strong> Kompletan s rotiraju\u0107im dr\u017ea\u010dem za peglu i prakti\u010dnom za\u0161titom od kra\u0111e za kabal, nudi sigurno i prakti\u010dno rje\u0161enje za dr\u017eanje pegle na mjestu, olak\u0161avaju\u0107i svakodnevnu upotrebu.<\/li>\n<\/ul>\n","protected":false},"excerpt":{"rendered":"<p>Sadr\u017eaj seta: pegla, daska za peglanje, dr\u017ea\u010d za peglu Pegla; opremljena je senzorom pokreta za automatsko isklju\u010divanje nakon 30 sekundi neaktivnosti na grija\u010du i 5 minuta u uspravnom polo\u017eaju, osigurava sigurnost i u\u0161tedu energije. Snaga pegle je 1800W Daska za peglanje; Opremljena rotiraju\u0107im ku\u0107i\u0161tem otpornih na toplinu za peglu, ova daska ima \u010dvrst, lagan okvir [&hellip;]<\/p>\n","protected":false},"featured_media":6841,"template":"","meta":{"_acf_changed":false},"product_brand":[],"product_cat":[65],"product_tag":[],"class_list":{"0":"post-6840","1":"product","2":"type-product","3":"status-publish","4":"has-post-thumbnail","6":"product_cat-pegle","8":"first","9":"instock","10":"shipping-taxable","11":"product-type-simple"},"acf":[],"_links":{"self":[{"href":"https:\/\/hotelassortment.com\/sl\/wp-json\/wp\/v2\/product\/6840","targetHints":{"allow":["GET"]}}],"collection":[{"href":"https:\/\/hotelassortment.com\/sl\/wp-json\/wp\/v2\/product"}],"about":[{"href":"https:\/\/hotelassortment.com\/sl\/wp-json\/wp\/v2\/types\/product"}],"wp:featuredmedia":[{"embeddable":true,"href":"https:\/\/hotelassortment.com\/sl\/wp-json\/wp\/v2\/media\/6841"}],"wp:attachment":[{"href":"https:\/\/hotelassortment.com\/sl\/wp-json\/wp\/v2\/media?parent=6840"}],"wp:term":[{"taxonomy":"product_brand","embeddable":true,"href":"https:\/\/hotelassortment.com\/sl\/wp-json\/wp\/v2\/product_brand?post=6840"},{"taxonomy":"product_cat","embeddable":true,"href":"https:\/\/hotelassortment.com\/sl\/wp-json\/wp\/v2\/product_cat?post=6840"},{"taxonomy":"product_tag","embeddable":true,"href":"https:\/\/hotelassortment.com\/sl\/wp-json\/wp\/v2\/product_tag?post=6840"}],"curies":[{"name":"wp","href":"https:\/\/api.w.org\/{rel}","templated":true}]}}