{"id":6836,"date":"2024-12-24T14:07:41","date_gmt":"2024-12-24T14:07:41","guid":{"rendered":"https:\/\/hotelskaoprema.ba\/?post_type=product&#038;p=6836"},"modified":"2024-12-24T14:07:41","modified_gmt":"2024-12-24T14:07:41","slug":"vertikalna-pegla","status":"publish","type":"product","link":"https:\/\/hotelassortment.com\/sl\/artikli\/vertikalna-pegla","title":{"rendered":"Vertikalna pegla"},"content":{"rendered":"<ul>\n<li>Pegla je dizajnirana tako da pegla tkaninu bez potrebe za tradicionalnom daskom za peglanje<\/li>\n<li>Funkcioni\u0161e tako \u0161to emitira sna\u017ean mlaz pare koji opu\u0161ta vlakna tkanine, olak\u0161avaju\u0107i peglanje iste<\/li>\n<li>Kapacitet spremnika za vodu od 60ml<\/li>\n<\/ul>\n","protected":false},"excerpt":{"rendered":"<p>Pegla je dizajnirana tako da pegla tkaninu bez potrebe za tradicionalnom daskom za peglanje Funkcioni\u0161e tako \u0161to emitira sna\u017ean mlaz pare koji opu\u0161ta vlakna tkanine, olak\u0161avaju\u0107i peglanje iste Kapacitet spremnika za vodu od 60ml<\/p>\n","protected":false},"featured_media":6839,"template":"","meta":{"_acf_changed":false},"product_brand":[],"product_cat":[65],"product_tag":[],"class_list":{"0":"post-6836","1":"product","2":"type-product","3":"status-publish","4":"has-post-thumbnail","6":"product_cat-pegle","8":"first","9":"instock","10":"shipping-taxable","11":"product-type-variable"},"acf":[],"_links":{"self":[{"href":"https:\/\/hotelassortment.com\/sl\/wp-json\/wp\/v2\/product\/6836","targetHints":{"allow":["GET"]}}],"collection":[{"href":"https:\/\/hotelassortment.com\/sl\/wp-json\/wp\/v2\/product"}],"about":[{"href":"https:\/\/hotelassortment.com\/sl\/wp-json\/wp\/v2\/types\/product"}],"wp:featuredmedia":[{"embeddable":true,"href":"https:\/\/hotelassortment.com\/sl\/wp-json\/wp\/v2\/media\/6839"}],"wp:attachment":[{"href":"https:\/\/hotelassortment.com\/sl\/wp-json\/wp\/v2\/media?parent=6836"}],"wp:term":[{"taxonomy":"product_brand","embeddable":true,"href":"https:\/\/hotelassortment.com\/sl\/wp-json\/wp\/v2\/product_brand?post=6836"},{"taxonomy":"product_cat","embeddable":true,"href":"https:\/\/hotelassortment.com\/sl\/wp-json\/wp\/v2\/product_cat?post=6836"},{"taxonomy":"product_tag","embeddable":true,"href":"https:\/\/hotelassortment.com\/sl\/wp-json\/wp\/v2\/product_tag?post=6836"}],"curies":[{"name":"wp","href":"https:\/\/api.w.org\/{rel}","templated":true}]}}