{"id":6832,"date":"2024-12-24T11:13:21","date_gmt":"2024-12-24T11:13:21","guid":{"rendered":"https:\/\/hotelskaoprema.ba\/?post_type=product&#038;p=6832"},"modified":"2024-12-24T11:13:21","modified_gmt":"2024-12-24T11:13:21","slug":"kolica-za-kofere-od-nehrdjajuceg-celika","status":"publish","type":"product","link":"https:\/\/hotelassortment.com\/sl\/artikli\/kolica-za-kofere-od-nehrdjajuceg-celika","title":{"rendered":"Kolica za kofere od nehr\u0111aju\u0107eg \u010delika"},"content":{"rendered":"<ul>\n<li>Kolica prekrivena tkaninom kako bi prenosive stvari ostale neo\u0161te\u0107ene<\/li>\n<li>To\u010dkovi koji ne stvaraju buku<\/li>\n<li>Vje\u0161alica za odje\u0107u<\/li>\n<\/ul>\n","protected":false},"excerpt":{"rendered":"<p>Kolica prekrivena tkaninom kako bi prenosive stvari ostale neo\u0161te\u0107ene To\u010dkovi koji ne stvaraju buku Vje\u0161alica za odje\u0107u<\/p>\n","protected":false},"featured_media":6833,"template":"","meta":{"_acf_changed":false},"product_brand":[],"product_cat":[73],"product_tag":[],"class_list":{"0":"post-6832","1":"product","2":"type-product","3":"status-publish","4":"has-post-thumbnail","6":"product_cat-kolica-za-prevoz-kofera-i-tereta","8":"first","9":"outofstock","10":"shipping-taxable","11":"product-type-variable"},"acf":[],"_links":{"self":[{"href":"https:\/\/hotelassortment.com\/sl\/wp-json\/wp\/v2\/product\/6832","targetHints":{"allow":["GET"]}}],"collection":[{"href":"https:\/\/hotelassortment.com\/sl\/wp-json\/wp\/v2\/product"}],"about":[{"href":"https:\/\/hotelassortment.com\/sl\/wp-json\/wp\/v2\/types\/product"}],"wp:featuredmedia":[{"embeddable":true,"href":"https:\/\/hotelassortment.com\/sl\/wp-json\/wp\/v2\/media\/6833"}],"wp:attachment":[{"href":"https:\/\/hotelassortment.com\/sl\/wp-json\/wp\/v2\/media?parent=6832"}],"wp:term":[{"taxonomy":"product_brand","embeddable":true,"href":"https:\/\/hotelassortment.com\/sl\/wp-json\/wp\/v2\/product_brand?post=6832"},{"taxonomy":"product_cat","embeddable":true,"href":"https:\/\/hotelassortment.com\/sl\/wp-json\/wp\/v2\/product_cat?post=6832"},{"taxonomy":"product_tag","embeddable":true,"href":"https:\/\/hotelassortment.com\/sl\/wp-json\/wp\/v2\/product_tag?post=6832"}],"curies":[{"name":"wp","href":"https:\/\/api.w.org\/{rel}","templated":true}]}}