{"id":6823,"date":"2024-12-24T10:39:17","date_gmt":"2024-12-24T10:39:17","guid":{"rendered":"https:\/\/hotelskaoprema.ba\/?post_type=product&#038;p=6823"},"modified":"2024-12-24T10:39:17","modified_gmt":"2024-12-24T10:39:17","slug":"kuhalo-za-vodu-od-nehrdjajuceg-celika-i-plastike","status":"publish","type":"product","link":"https:\/\/hotelassortment.com\/sl\/artikli\/kuhalo-za-vodu-od-nehrdjajuceg-celika-i-plastike","title":{"rendered":"Kuhalo za vodu od nehr\u0111aju\u0107eg \u010delika i plastike"},"content":{"rendered":"<ul>\n<li>Izra\u0111eno od nehr\u0111aju\u0107eg \u010delika i plastike<\/li>\n<li>Automatsko ga\u0161enje aparata nakon klju\u010danja vode<\/li>\n<li>Sigurnosni sistem koji spre\u010dava rad bez vode<\/li>\n<\/ul>\n","protected":false},"excerpt":{"rendered":"<p>Izra\u0111eno od nehr\u0111aju\u0107eg \u010delika i plastike Automatsko ga\u0161enje aparata nakon klju\u010danja vode Sigurnosni sistem koji spre\u010dava rad bez vode<\/p>\n","protected":false},"featured_media":6824,"template":"","meta":{"_acf_changed":false},"product_brand":[],"product_cat":[61],"product_tag":[],"class_list":{"0":"post-6823","1":"product","2":"type-product","3":"status-publish","4":"has-post-thumbnail","6":"product_cat-aparati-za-kafu-i-kuhala","8":"first","9":"outofstock","10":"shipping-taxable","11":"product-type-variable"},"acf":[],"_links":{"self":[{"href":"https:\/\/hotelassortment.com\/sl\/wp-json\/wp\/v2\/product\/6823","targetHints":{"allow":["GET"]}}],"collection":[{"href":"https:\/\/hotelassortment.com\/sl\/wp-json\/wp\/v2\/product"}],"about":[{"href":"https:\/\/hotelassortment.com\/sl\/wp-json\/wp\/v2\/types\/product"}],"wp:featuredmedia":[{"embeddable":true,"href":"https:\/\/hotelassortment.com\/sl\/wp-json\/wp\/v2\/media\/6824"}],"wp:attachment":[{"href":"https:\/\/hotelassortment.com\/sl\/wp-json\/wp\/v2\/media?parent=6823"}],"wp:term":[{"taxonomy":"product_brand","embeddable":true,"href":"https:\/\/hotelassortment.com\/sl\/wp-json\/wp\/v2\/product_brand?post=6823"},{"taxonomy":"product_cat","embeddable":true,"href":"https:\/\/hotelassortment.com\/sl\/wp-json\/wp\/v2\/product_cat?post=6823"},{"taxonomy":"product_tag","embeddable":true,"href":"https:\/\/hotelassortment.com\/sl\/wp-json\/wp\/v2\/product_tag?post=6823"}],"curies":[{"name":"wp","href":"https:\/\/api.w.org\/{rel}","templated":true}]}}