{"id":6821,"date":"2024-12-24T10:20:46","date_gmt":"2024-12-24T10:20:46","guid":{"rendered":"https:\/\/hotelskaoprema.ba\/?post_type=product&#038;p=6821"},"modified":"2024-12-24T10:20:46","modified_gmt":"2024-12-24T10:20:46","slug":"fenomat-za-susenje-ruku-1800w","status":"publish","type":"product","link":"https:\/\/hotelassortment.com\/sl\/artikli\/fenomat-za-susenje-ruku-1800w","title":{"rendered":"Fenomat za su\u0161enje ruku 1800W"},"content":{"rendered":"<ul>\n<li>Pogodan za kori\u0161tenje u tr\u017enim centrima, ugostiteljskim objektima, hotelima, apartmanima, ordinacijama i medicinskim ustanovama<\/li>\n<li>Omogu\u0107ava efikasno su\u0161enje za samo 7 sekundi zahvaljuju\u0107i dvostrukim mlaznicama zraka<\/li>\n<\/ul>\n","protected":false},"excerpt":{"rendered":"<p>Pogodan za kori\u0161tenje u tr\u017enim centrima, ugostiteljskim objektima, hotelima, apartmanima, ordinacijama i medicinskim ustanovama Omogu\u0107ava efikasno su\u0161enje za samo 7 sekundi zahvaljuju\u0107i dvostrukim mlaznicama zraka<\/p>\n","protected":false},"featured_media":6822,"template":"","meta":{"_acf_changed":false},"product_brand":[],"product_cat":[58],"product_tag":[],"class_list":{"0":"post-6821","1":"product","2":"type-product","3":"status-publish","4":"has-post-thumbnail","6":"product_cat-fenomati","8":"first","9":"outofstock","10":"shipping-taxable","11":"product-type-variable"},"acf":[],"_links":{"self":[{"href":"https:\/\/hotelassortment.com\/sl\/wp-json\/wp\/v2\/product\/6821","targetHints":{"allow":["GET"]}}],"collection":[{"href":"https:\/\/hotelassortment.com\/sl\/wp-json\/wp\/v2\/product"}],"about":[{"href":"https:\/\/hotelassortment.com\/sl\/wp-json\/wp\/v2\/types\/product"}],"wp:featuredmedia":[{"embeddable":true,"href":"https:\/\/hotelassortment.com\/sl\/wp-json\/wp\/v2\/media\/6822"}],"wp:attachment":[{"href":"https:\/\/hotelassortment.com\/sl\/wp-json\/wp\/v2\/media?parent=6821"}],"wp:term":[{"taxonomy":"product_brand","embeddable":true,"href":"https:\/\/hotelassortment.com\/sl\/wp-json\/wp\/v2\/product_brand?post=6821"},{"taxonomy":"product_cat","embeddable":true,"href":"https:\/\/hotelassortment.com\/sl\/wp-json\/wp\/v2\/product_cat?post=6821"},{"taxonomy":"product_tag","embeddable":true,"href":"https:\/\/hotelassortment.com\/sl\/wp-json\/wp\/v2\/product_tag?post=6821"}],"curies":[{"name":"wp","href":"https:\/\/api.w.org\/{rel}","templated":true}]}}