{"id":6820,"date":"2024-12-24T10:15:19","date_gmt":"2024-12-24T10:15:19","guid":{"rendered":"https:\/\/hotelskaoprema.ba\/?post_type=product&#038;p=6820"},"modified":"2024-12-24T10:15:20","modified_gmt":"2024-12-24T10:15:20","slug":"fenomat-za-susenje-ruku-od-nehrdjajuceg-celika-1800w","status":"publish","type":"product","link":"https:\/\/hotelassortment.com\/sl\/artikli\/fenomat-za-susenje-ruku-od-nehrdjajuceg-celika-1800w","title":{"rendered":"Fenomat za su\u0161enje ruku od nehr\u0111aju\u0107eg \u010delika 1800W"},"content":{"rendered":"<ul>\n<li>Pogodan za kori\u0161tenje u tr\u017enim centrima, ugostiteljskim objektima, hotelima, apartmanima, ordinacijama i medicinskim ustanovama<\/li>\n<li>Antibakterijsko UV svjetlo, koje elimini\u0161e bakterije i odr\u017eava higijensko okru\u017eenje<\/li>\n<li>Omogu\u0107ava efikasno su\u0161enje za samo 7-10 sekundi zahvaljuju\u0107i dvostrukim mlaznicama zraka<\/li>\n<li>Temperatura zraka od 40\u00b0C osigurava udobnost tokom kori\u0161tenja<\/li>\n<\/ul>\n","protected":false},"excerpt":{"rendered":"<p>Pogodan za kori\u0161tenje u tr\u017enim centrima, ugostiteljskim objektima, hotelima, apartmanima, ordinacijama i medicinskim ustanovama Antibakterijsko UV svjetlo, koje elimini\u0161e bakterije i odr\u017eava higijensko okru\u017eenje Omogu\u0107ava efikasno su\u0161enje za samo 7-10 sekundi zahvaljuju\u0107i dvostrukim mlaznicama zraka Temperatura zraka od 40\u00b0C osigurava udobnost tokom kori\u0161tenja<\/p>\n","protected":false},"featured_media":6819,"template":"","meta":{"_acf_changed":false},"product_brand":[],"product_cat":[58],"product_tag":[],"class_list":{"0":"post-6820","1":"product","2":"type-product","3":"status-publish","4":"has-post-thumbnail","6":"product_cat-fenomati","8":"first","9":"outofstock","10":"shipping-taxable","11":"product-type-variable"},"acf":[],"_links":{"self":[{"href":"https:\/\/hotelassortment.com\/sl\/wp-json\/wp\/v2\/product\/6820","targetHints":{"allow":["GET"]}}],"collection":[{"href":"https:\/\/hotelassortment.com\/sl\/wp-json\/wp\/v2\/product"}],"about":[{"href":"https:\/\/hotelassortment.com\/sl\/wp-json\/wp\/v2\/types\/product"}],"wp:featuredmedia":[{"embeddable":true,"href":"https:\/\/hotelassortment.com\/sl\/wp-json\/wp\/v2\/media\/6819"}],"wp:attachment":[{"href":"https:\/\/hotelassortment.com\/sl\/wp-json\/wp\/v2\/media?parent=6820"}],"wp:term":[{"taxonomy":"product_brand","embeddable":true,"href":"https:\/\/hotelassortment.com\/sl\/wp-json\/wp\/v2\/product_brand?post=6820"},{"taxonomy":"product_cat","embeddable":true,"href":"https:\/\/hotelassortment.com\/sl\/wp-json\/wp\/v2\/product_cat?post=6820"},{"taxonomy":"product_tag","embeddable":true,"href":"https:\/\/hotelassortment.com\/sl\/wp-json\/wp\/v2\/product_tag?post=6820"}],"curies":[{"name":"wp","href":"https:\/\/api.w.org\/{rel}","templated":true}]}}