{"id":6808,"date":"2024-12-23T15:29:15","date_gmt":"2024-12-23T15:29:15","guid":{"rendered":"https:\/\/hotelskaoprema.ba\/?post_type=product&#038;p=6808"},"modified":"2024-12-23T15:30:06","modified_gmt":"2024-12-23T15:30:06","slug":"zidni-fen-sa-dvije-brzine-i-temperature","status":"publish","type":"product","link":"https:\/\/hotelassortment.com\/sl\/artikli\/zidni-fen-sa-dvije-brzine-i-temperature","title":{"rendered":"Zidni fen sa dvije brzine i temperature"},"content":{"rendered":"<ul>\n<li>Zidna potpora<\/li>\n<li>Spiralni kabal<\/li>\n<li>Sigurnosno dugme koje sprje\u010dava slu\u010dajnu aktivaciju<\/li>\n<li>Dvije brzine i dvije temperature<\/li>\n<li>Futrola za ure\u0111aj<\/li>\n<\/ul>\n","protected":false},"excerpt":{"rendered":"<p>Zidna potpora Spiralni kabal Sigurnosno dugme koje sprje\u010dava slu\u010dajnu aktivaciju Dvije brzine i dvije temperature Futrola za ure\u0111aj<\/p>\n","protected":false},"featured_media":6811,"template":"","meta":{"_acf_changed":false},"product_brand":[],"product_cat":[64],"product_tag":[],"class_list":{"0":"post-6808","1":"product","2":"type-product","3":"status-publish","4":"has-post-thumbnail","6":"product_cat-fenovi","8":"first","9":"instock","10":"shipping-taxable","11":"product-type-variable"},"acf":[],"_links":{"self":[{"href":"https:\/\/hotelassortment.com\/sl\/wp-json\/wp\/v2\/product\/6808","targetHints":{"allow":["GET"]}}],"collection":[{"href":"https:\/\/hotelassortment.com\/sl\/wp-json\/wp\/v2\/product"}],"about":[{"href":"https:\/\/hotelassortment.com\/sl\/wp-json\/wp\/v2\/types\/product"}],"wp:featuredmedia":[{"embeddable":true,"href":"https:\/\/hotelassortment.com\/sl\/wp-json\/wp\/v2\/media\/6811"}],"wp:attachment":[{"href":"https:\/\/hotelassortment.com\/sl\/wp-json\/wp\/v2\/media?parent=6808"}],"wp:term":[{"taxonomy":"product_brand","embeddable":true,"href":"https:\/\/hotelassortment.com\/sl\/wp-json\/wp\/v2\/product_brand?post=6808"},{"taxonomy":"product_cat","embeddable":true,"href":"https:\/\/hotelassortment.com\/sl\/wp-json\/wp\/v2\/product_cat?post=6808"},{"taxonomy":"product_tag","embeddable":true,"href":"https:\/\/hotelassortment.com\/sl\/wp-json\/wp\/v2\/product_tag?post=6808"}],"curies":[{"name":"wp","href":"https:\/\/api.w.org\/{rel}","templated":true}]}}