{"id":6802,"date":"2024-12-23T15:11:33","date_gmt":"2024-12-23T15:11:33","guid":{"rendered":"https:\/\/hotelskaoprema.ba\/?post_type=product&#038;p=6802"},"modified":"2024-12-23T15:12:07","modified_gmt":"2024-12-23T15:12:07","slug":"zidni-fen-sa-dvije-brzine","status":"publish","type":"product","link":"https:\/\/hotelassortment.com\/sl\/artikli\/zidni-fen-sa-dvije-brzine","title":{"rendered":"Zidni fen sa dvije brzine"},"content":{"rendered":"<ul>\n<li>Zidna potpora<\/li>\n<li>Spiralni kabal<\/li>\n<li>Sigurnosni senzor na nosa\u010du, fen radi samo kada je ispravno postavljen<\/li>\n<li>Dvije brzine i tri temperaturna polo\u017eaja<\/li>\n<li>Dugme za hladan zrak omogu\u0107ava puhanje hladnog zraka<\/li>\n<\/ul>\n","protected":false},"excerpt":{"rendered":"<p>Zidna potpora Spiralni kabal Sigurnosni senzor na nosa\u010du, fen radi samo kada je ispravno postavljen Dvije brzine i tri temperaturna polo\u017eaja Dugme za hladan zrak omogu\u0107ava puhanje hladnog zraka<\/p>\n","protected":false},"featured_media":6803,"template":"","meta":{"_acf_changed":false},"product_brand":[],"product_cat":[64],"product_tag":[],"class_list":{"0":"post-6802","1":"product","2":"type-product","3":"status-publish","4":"has-post-thumbnail","6":"product_cat-fenovi","8":"first","9":"outofstock","10":"shipping-taxable","11":"product-type-variable"},"acf":[],"_links":{"self":[{"href":"https:\/\/hotelassortment.com\/sl\/wp-json\/wp\/v2\/product\/6802","targetHints":{"allow":["GET"]}}],"collection":[{"href":"https:\/\/hotelassortment.com\/sl\/wp-json\/wp\/v2\/product"}],"about":[{"href":"https:\/\/hotelassortment.com\/sl\/wp-json\/wp\/v2\/types\/product"}],"wp:featuredmedia":[{"embeddable":true,"href":"https:\/\/hotelassortment.com\/sl\/wp-json\/wp\/v2\/media\/6803"}],"wp:attachment":[{"href":"https:\/\/hotelassortment.com\/sl\/wp-json\/wp\/v2\/media?parent=6802"}],"wp:term":[{"taxonomy":"product_brand","embeddable":true,"href":"https:\/\/hotelassortment.com\/sl\/wp-json\/wp\/v2\/product_brand?post=6802"},{"taxonomy":"product_cat","embeddable":true,"href":"https:\/\/hotelassortment.com\/sl\/wp-json\/wp\/v2\/product_cat?post=6802"},{"taxonomy":"product_tag","embeddable":true,"href":"https:\/\/hotelassortment.com\/sl\/wp-json\/wp\/v2\/product_tag?post=6802"}],"curies":[{"name":"wp","href":"https:\/\/api.w.org\/{rel}","templated":true}]}}