{"id":6796,"date":"2024-12-23T15:01:10","date_gmt":"2024-12-23T15:01:10","guid":{"rendered":"https:\/\/hotelskaoprema.ba\/?post_type=product&#038;p=6796"},"modified":"2024-12-23T15:03:37","modified_gmt":"2024-12-23T15:03:37","slug":"zidni-fen-sa-integrisanom-uticnicom-za-masinu-za-brijanje-2","status":"publish","type":"product","link":"https:\/\/hotelassortment.com\/sl\/artikli\/zidni-fen-sa-integrisanom-uticnicom-za-masinu-za-brijanje-2","title":{"rendered":"Zidni fen sa integrisanom uti\u010dnicom za ma\u0161inu za brijanje"},"content":{"rendered":"<ul>\n<li>Zidna potpora<\/li>\n<li>Spiralni kabal<\/li>\n<li>Automatsko sigurnosno isklju\u010divanje<\/li>\n<li>Opremljen uti\u010dnicom za ma\u0161inu za brijanje<\/li>\n<\/ul>\n","protected":false},"excerpt":{"rendered":"<p>Zidna potpora Spiralni kabal Automatsko sigurnosno isklju\u010divanje Opremljen uti\u010dnicom za ma\u0161inu za brijanje<\/p>\n","protected":false},"featured_media":6797,"template":"","meta":{"_acf_changed":false},"product_brand":[],"product_cat":[64],"product_tag":[],"class_list":{"0":"post-6796","1":"product","2":"type-product","3":"status-publish","4":"has-post-thumbnail","6":"product_cat-fenovi","8":"first","9":"instock","10":"shipping-taxable","11":"product-type-variable"},"acf":[],"_links":{"self":[{"href":"https:\/\/hotelassortment.com\/sl\/wp-json\/wp\/v2\/product\/6796","targetHints":{"allow":["GET"]}}],"collection":[{"href":"https:\/\/hotelassortment.com\/sl\/wp-json\/wp\/v2\/product"}],"about":[{"href":"https:\/\/hotelassortment.com\/sl\/wp-json\/wp\/v2\/types\/product"}],"wp:featuredmedia":[{"embeddable":true,"href":"https:\/\/hotelassortment.com\/sl\/wp-json\/wp\/v2\/media\/6797"}],"wp:attachment":[{"href":"https:\/\/hotelassortment.com\/sl\/wp-json\/wp\/v2\/media?parent=6796"}],"wp:term":[{"taxonomy":"product_brand","embeddable":true,"href":"https:\/\/hotelassortment.com\/sl\/wp-json\/wp\/v2\/product_brand?post=6796"},{"taxonomy":"product_cat","embeddable":true,"href":"https:\/\/hotelassortment.com\/sl\/wp-json\/wp\/v2\/product_cat?post=6796"},{"taxonomy":"product_tag","embeddable":true,"href":"https:\/\/hotelassortment.com\/sl\/wp-json\/wp\/v2\/product_tag?post=6796"}],"curies":[{"name":"wp","href":"https:\/\/api.w.org\/{rel}","templated":true}]}}