{"id":6784,"date":"2024-12-19T15:33:23","date_gmt":"2024-12-19T15:33:23","guid":{"rendered":"https:\/\/hotelskaoprema.ba\/?post_type=product&#038;p=6784"},"modified":"2024-12-19T15:33:23","modified_gmt":"2024-12-19T15:33:23","slug":"sef-sa-kljucem-i-mehanickom-bravom","status":"publish","type":"product","link":"https:\/\/hotelassortment.com\/sl\/artikli\/sef-sa-kljucem-i-mehanickom-bravom","title":{"rendered":"Sef sa klju\u010dem i mehani\u010dkom bravom"},"content":{"rendered":"<ul>\n<li>Mehani\u010dka cilindri\u010dna brava + dvije vrste klju\u010da; plavi za goste i crveni za osoblje<\/li>\n<li>Kapacitet od 6,5l<\/li>\n<\/ul>\n","protected":false},"excerpt":{"rendered":"<p>Mehani\u010dka cilindri\u010dna brava + dvije vrste klju\u010da; plavi za goste i crveni za osoblje Kapacitet od 6,5l<\/p>\n","protected":false},"featured_media":6785,"template":"","meta":{"_acf_changed":false},"product_brand":[],"product_cat":[70],"product_tag":[],"class_list":{"0":"post-6784","1":"product","2":"type-product","3":"status-publish","4":"has-post-thumbnail","6":"product_cat-sefovi","8":"first","9":"outofstock","10":"shipping-taxable","11":"product-type-variable"},"acf":[],"_links":{"self":[{"href":"https:\/\/hotelassortment.com\/sl\/wp-json\/wp\/v2\/product\/6784","targetHints":{"allow":["GET"]}}],"collection":[{"href":"https:\/\/hotelassortment.com\/sl\/wp-json\/wp\/v2\/product"}],"about":[{"href":"https:\/\/hotelassortment.com\/sl\/wp-json\/wp\/v2\/types\/product"}],"wp:featuredmedia":[{"embeddable":true,"href":"https:\/\/hotelassortment.com\/sl\/wp-json\/wp\/v2\/media\/6785"}],"wp:attachment":[{"href":"https:\/\/hotelassortment.com\/sl\/wp-json\/wp\/v2\/media?parent=6784"}],"wp:term":[{"taxonomy":"product_brand","embeddable":true,"href":"https:\/\/hotelassortment.com\/sl\/wp-json\/wp\/v2\/product_brand?post=6784"},{"taxonomy":"product_cat","embeddable":true,"href":"https:\/\/hotelassortment.com\/sl\/wp-json\/wp\/v2\/product_cat?post=6784"},{"taxonomy":"product_tag","embeddable":true,"href":"https:\/\/hotelassortment.com\/sl\/wp-json\/wp\/v2\/product_tag?post=6784"}],"curies":[{"name":"wp","href":"https:\/\/api.w.org\/{rel}","templated":true}]}}