{"id":6770,"date":"2024-12-19T15:04:36","date_gmt":"2024-12-19T15:04:36","guid":{"rendered":"https:\/\/hotelskaoprema.ba\/?post_type=product&#038;p=6770"},"modified":"2024-12-19T15:04:36","modified_gmt":"2024-12-19T15:04:36","slug":"sef-sa-tastaturom-i-motorizovanom-digitalnom-bravom-2","status":"publish","type":"product","link":"https:\/\/hotelassortment.com\/sl\/artikli\/sef-sa-tastaturom-i-motorizovanom-digitalnom-bravom-2","title":{"rendered":"Sef sa tastaturom i motorizovanom digitalnom bravom"},"content":{"rendered":"<ul>\n<li>Motorizovana digitalna brava + mehani\u010dki klju\u010d za hitno otvaranje<\/li>\n<li>Memorisanje posljednjih 100 otvaranja i zatvaranja<\/li>\n<li>Funkcionalnost se dodatno pobolj\u0161ava USB priklju\u010dkom za preuzimanje istorije operacija<\/li>\n<li>Kapacitet od 18l<\/li>\n<li>LED unutra\u0161nje osvjetljenje<\/li>\n<\/ul>\n","protected":false},"excerpt":{"rendered":"<p>Motorizovana digitalna brava + mehani\u010dki klju\u010d za hitno otvaranje Memorisanje posljednjih 100 otvaranja i zatvaranja Funkcionalnost se dodatno pobolj\u0161ava USB priklju\u010dkom za preuzimanje istorije operacija Kapacitet od 18l LED unutra\u0161nje osvjetljenje<\/p>\n","protected":false},"featured_media":6772,"template":"","meta":{"_acf_changed":false},"product_brand":[],"product_cat":[70],"product_tag":[],"class_list":{"0":"post-6770","1":"product","2":"type-product","3":"status-publish","4":"has-post-thumbnail","6":"product_cat-sefovi","8":"first","9":"outofstock","10":"shipping-taxable","11":"product-type-variable"},"acf":[],"_links":{"self":[{"href":"https:\/\/hotelassortment.com\/sl\/wp-json\/wp\/v2\/product\/6770","targetHints":{"allow":["GET"]}}],"collection":[{"href":"https:\/\/hotelassortment.com\/sl\/wp-json\/wp\/v2\/product"}],"about":[{"href":"https:\/\/hotelassortment.com\/sl\/wp-json\/wp\/v2\/types\/product"}],"wp:featuredmedia":[{"embeddable":true,"href":"https:\/\/hotelassortment.com\/sl\/wp-json\/wp\/v2\/media\/6772"}],"wp:attachment":[{"href":"https:\/\/hotelassortment.com\/sl\/wp-json\/wp\/v2\/media?parent=6770"}],"wp:term":[{"taxonomy":"product_brand","embeddable":true,"href":"https:\/\/hotelassortment.com\/sl\/wp-json\/wp\/v2\/product_brand?post=6770"},{"taxonomy":"product_cat","embeddable":true,"href":"https:\/\/hotelassortment.com\/sl\/wp-json\/wp\/v2\/product_cat?post=6770"},{"taxonomy":"product_tag","embeddable":true,"href":"https:\/\/hotelassortment.com\/sl\/wp-json\/wp\/v2\/product_tag?post=6770"}],"curies":[{"name":"wp","href":"https:\/\/api.w.org\/{rel}","templated":true}]}}