{"id":6762,"date":"2024-12-19T14:31:40","date_gmt":"2024-12-19T14:31:40","guid":{"rendered":"https:\/\/hotelskaoprema.ba\/?post_type=product&#038;p=6762"},"modified":"2024-12-19T14:31:41","modified_gmt":"2024-12-19T14:31:41","slug":"sef-sa-tastaturom-i-elektromagnetnom-bravom","status":"publish","type":"product","link":"https:\/\/hotelassortment.com\/sl\/artikli\/sef-sa-tastaturom-i-elektromagnetnom-bravom","title":{"rendered":"Sef sa tastaturom i elektromagnetnom bravom"},"content":{"rendered":"<ul>\n<li>Elektromagnetna brava + mehani\u010dki klju\u010d za hitno otvaranje<\/li>\n<li>Sigurnosna \u0161ifra od 3 do 8 brojeva<\/li>\n<li>Uz sef dolazi i 4 tiple za stabilnu monta\u017eu i pove\u0107anje sigurnosti<\/li>\n<\/ul>\n","protected":false},"excerpt":{"rendered":"<p>Elektromagnetna brava + mehani\u010dki klju\u010d za hitno otvaranje Sigurnosna \u0161ifra od 3 do 8 brojeva Uz sef dolazi i 4 tiple za stabilnu monta\u017eu i pove\u0107anje sigurnosti<\/p>\n","protected":false},"featured_media":6763,"template":"","meta":{"_acf_changed":false},"product_brand":[],"product_cat":[70],"product_tag":[],"class_list":{"0":"post-6762","1":"product","2":"type-product","3":"status-publish","4":"has-post-thumbnail","6":"product_cat-sefovi","8":"first","9":"outofstock","10":"shipping-taxable","11":"product-type-variable"},"acf":[],"_links":{"self":[{"href":"https:\/\/hotelassortment.com\/sl\/wp-json\/wp\/v2\/product\/6762","targetHints":{"allow":["GET"]}}],"collection":[{"href":"https:\/\/hotelassortment.com\/sl\/wp-json\/wp\/v2\/product"}],"about":[{"href":"https:\/\/hotelassortment.com\/sl\/wp-json\/wp\/v2\/types\/product"}],"wp:featuredmedia":[{"embeddable":true,"href":"https:\/\/hotelassortment.com\/sl\/wp-json\/wp\/v2\/media\/6763"}],"wp:attachment":[{"href":"https:\/\/hotelassortment.com\/sl\/wp-json\/wp\/v2\/media?parent=6762"}],"wp:term":[{"taxonomy":"product_brand","embeddable":true,"href":"https:\/\/hotelassortment.com\/sl\/wp-json\/wp\/v2\/product_brand?post=6762"},{"taxonomy":"product_cat","embeddable":true,"href":"https:\/\/hotelassortment.com\/sl\/wp-json\/wp\/v2\/product_cat?post=6762"},{"taxonomy":"product_tag","embeddable":true,"href":"https:\/\/hotelassortment.com\/sl\/wp-json\/wp\/v2\/product_tag?post=6762"}],"curies":[{"name":"wp","href":"https:\/\/api.w.org\/{rel}","templated":true}]}}