{"id":6743,"date":"2024-12-17T09:50:21","date_gmt":"2024-12-17T09:50:21","guid":{"rendered":"https:\/\/hotelskaoprema.ba\/?post_type=product&#038;p=6743"},"modified":"2024-12-17T09:50:21","modified_gmt":"2024-12-17T09:50:21","slug":"minibar-e30vn","status":"publish","type":"product","link":"https:\/\/hotelassortment.com\/sl\/artikli\/minibar-e30vn","title":{"rendered":"Minibar E30VN"},"content":{"rendered":"<ul>\n<li>Termoelektri\u010dni sistem hla\u0111enja<\/li>\n<li>Staklena vrata<\/li>\n<li>Reverzibilna vrata za prilagodbu svakom rasporedu sobe<\/li>\n<li>Monta\u017ene nogice za optimalnu stabilnost<\/li>\n<li>LED svjetla<\/li>\n<\/ul>\n","protected":false},"excerpt":{"rendered":"<p>Termoelektri\u010dni sistem hla\u0111enja Staklena vrata Reverzibilna vrata za prilagodbu svakom rasporedu sobe Monta\u017ene nogice za optimalnu stabilnost LED svjetla<\/p>\n","protected":false},"featured_media":6744,"template":"","meta":{"_acf_changed":false},"product_brand":[],"product_cat":[57],"product_tag":[],"class_list":{"0":"post-6743","1":"product","2":"type-product","3":"status-publish","4":"has-post-thumbnail","6":"product_cat-minibarovi","8":"first","9":"outofstock","10":"shipping-taxable","11":"product-type-variable"},"acf":[],"_links":{"self":[{"href":"https:\/\/hotelassortment.com\/sl\/wp-json\/wp\/v2\/product\/6743","targetHints":{"allow":["GET"]}}],"collection":[{"href":"https:\/\/hotelassortment.com\/sl\/wp-json\/wp\/v2\/product"}],"about":[{"href":"https:\/\/hotelassortment.com\/sl\/wp-json\/wp\/v2\/types\/product"}],"wp:featuredmedia":[{"embeddable":true,"href":"https:\/\/hotelassortment.com\/sl\/wp-json\/wp\/v2\/media\/6744"}],"wp:attachment":[{"href":"https:\/\/hotelassortment.com\/sl\/wp-json\/wp\/v2\/media?parent=6743"}],"wp:term":[{"taxonomy":"product_brand","embeddable":true,"href":"https:\/\/hotelassortment.com\/sl\/wp-json\/wp\/v2\/product_brand?post=6743"},{"taxonomy":"product_cat","embeddable":true,"href":"https:\/\/hotelassortment.com\/sl\/wp-json\/wp\/v2\/product_cat?post=6743"},{"taxonomy":"product_tag","embeddable":true,"href":"https:\/\/hotelassortment.com\/sl\/wp-json\/wp\/v2\/product_tag?post=6743"}],"curies":[{"name":"wp","href":"https:\/\/api.w.org\/{rel}","templated":true}]}}