{"id":6599,"date":"2024-09-13T08:36:44","date_gmt":"2024-09-13T08:36:44","guid":{"rendered":"https:\/\/hotelskaoprema.ba\/?post_type=product&#038;p=6599"},"modified":"2024-09-17T10:39:43","modified_gmt":"2024-09-17T10:39:43","slug":"cetverodijelni-set-kanti-za-otpatke-za-reciklirani-otpad","status":"publish","type":"product","link":"https:\/\/hotelassortment.com\/sl\/artikli\/cetverodijelni-set-kanti-za-otpatke-za-reciklirani-otpad","title":{"rendered":"\u010cetverodijelni set kanti za otpatke za reciklirani otpad"},"content":{"rendered":"<ul>\n<li>Nehr\u0111aju\u0107i \u010delik<\/li>\n<\/ul>\n","protected":false},"excerpt":{"rendered":"<p>Nehr\u0111aju\u0107i \u010delik<\/p>\n","protected":false},"featured_media":6600,"template":"","meta":{"_acf_changed":false},"product_brand":[],"product_cat":[75],"product_tag":[],"class_list":{"0":"post-6599","1":"product","2":"type-product","3":"status-publish","4":"has-post-thumbnail","6":"product_cat-kante-za-otpatke","8":"first","9":"outofstock","10":"shipping-taxable","11":"product-type-variable"},"acf":[],"_links":{"self":[{"href":"https:\/\/hotelassortment.com\/sl\/wp-json\/wp\/v2\/product\/6599","targetHints":{"allow":["GET"]}}],"collection":[{"href":"https:\/\/hotelassortment.com\/sl\/wp-json\/wp\/v2\/product"}],"about":[{"href":"https:\/\/hotelassortment.com\/sl\/wp-json\/wp\/v2\/types\/product"}],"wp:featuredmedia":[{"embeddable":true,"href":"https:\/\/hotelassortment.com\/sl\/wp-json\/wp\/v2\/media\/6600"}],"wp:attachment":[{"href":"https:\/\/hotelassortment.com\/sl\/wp-json\/wp\/v2\/media?parent=6599"}],"wp:term":[{"taxonomy":"product_brand","embeddable":true,"href":"https:\/\/hotelassortment.com\/sl\/wp-json\/wp\/v2\/product_brand?post=6599"},{"taxonomy":"product_cat","embeddable":true,"href":"https:\/\/hotelassortment.com\/sl\/wp-json\/wp\/v2\/product_cat?post=6599"},{"taxonomy":"product_tag","embeddable":true,"href":"https:\/\/hotelassortment.com\/sl\/wp-json\/wp\/v2\/product_tag?post=6599"}],"curies":[{"name":"wp","href":"https:\/\/api.w.org\/{rel}","templated":true}]}}