{"id":6585,"date":"2024-09-12T13:32:53","date_gmt":"2024-09-12T13:32:53","guid":{"rendered":"https:\/\/hotelskaoprema.ba\/?post_type=product&#038;p=6585"},"modified":"2024-12-29T22:22:36","modified_gmt":"2024-12-29T22:22:36","slug":"kolica-za-ciscenje-sa-spremnicima","status":"publish","type":"product","link":"https:\/\/hotelassortment.com\/sl\/artikli\/kolica-za-ciscenje-sa-spremnicima","title":{"rendered":"Kolica za \u010di\u0161\u0107enje sa spremnicima"},"content":{"rendered":"<ul>\n<li>Polipropilen<\/li>\n<li>Kapacitet kanti za \u010di\u0161\u0107enje 2 x 25l<\/li>\n<li>To\u010dkovi koji ne stvaraju buku<\/li>\n<\/ul>\n","protected":false},"excerpt":{"rendered":"<p>Polipropilen Kapacitet kanti za \u010di\u0161\u0107enje 2 x 25l To\u010dkovi koji ne stvaraju buku<\/p>\n","protected":false},"featured_media":6590,"template":"","meta":{"_acf_changed":false},"product_brand":[],"product_cat":[72],"product_tag":[],"class_list":{"0":"post-6585","1":"product","2":"type-product","3":"status-publish","4":"has-post-thumbnail","6":"product_cat-kolica-za-ciscenje-i-odvoz-smeca","8":"first","9":"outofstock","10":"shipping-taxable","11":"product-type-variable"},"acf":[],"_links":{"self":[{"href":"https:\/\/hotelassortment.com\/sl\/wp-json\/wp\/v2\/product\/6585","targetHints":{"allow":["GET"]}}],"collection":[{"href":"https:\/\/hotelassortment.com\/sl\/wp-json\/wp\/v2\/product"}],"about":[{"href":"https:\/\/hotelassortment.com\/sl\/wp-json\/wp\/v2\/types\/product"}],"wp:featuredmedia":[{"embeddable":true,"href":"https:\/\/hotelassortment.com\/sl\/wp-json\/wp\/v2\/media\/6590"}],"wp:attachment":[{"href":"https:\/\/hotelassortment.com\/sl\/wp-json\/wp\/v2\/media?parent=6585"}],"wp:term":[{"taxonomy":"product_brand","embeddable":true,"href":"https:\/\/hotelassortment.com\/sl\/wp-json\/wp\/v2\/product_brand?post=6585"},{"taxonomy":"product_cat","embeddable":true,"href":"https:\/\/hotelassortment.com\/sl\/wp-json\/wp\/v2\/product_cat?post=6585"},{"taxonomy":"product_tag","embeddable":true,"href":"https:\/\/hotelassortment.com\/sl\/wp-json\/wp\/v2\/product_tag?post=6585"}],"curies":[{"name":"wp","href":"https:\/\/api.w.org\/{rel}","templated":true}]}}