{"id":6546,"date":"2024-09-03T10:07:57","date_gmt":"2024-09-03T10:07:57","guid":{"rendered":"https:\/\/hotelskaoprema.ba\/?post_type=product&#038;p=6546"},"modified":"2024-09-03T10:07:57","modified_gmt":"2024-09-03T10:07:57","slug":"aku-masina-za-pranje-i-ciscenje-podova-karcher-classic-c-bd-50-50","status":"publish","type":"product","link":"https:\/\/hotelassortment.com\/sl\/artikli\/aku-masina-za-pranje-i-ciscenje-podova-karcher-classic-c-bd-50-50","title":{"rendered":"Aku ma\u0161ina za pranje i \u010di\u0161\u0107enje podova KARCHER CLASSIC C BD 50\/50"},"content":{"rendered":"<ul>\n<li>Tihi rad<\/li>\n<li class=\"tw-data-text tw-text-large tw-ta\" data-placeholder=\"Translation\"><span class=\"Y2IQFc\" lang=\"bs\">Sklopivi transportni valjak\u00a0omogu\u0107ava prakti\u010dnu primjenu u dva koraka<\/span><\/li>\n<li class=\"tw-data-text tw-text-large tw-ta\" data-placeholder=\"Translation\"><span class=\"Y2IQFc\" lang=\"bs\">Sklopivi transportni valjak\u00a0omogu\u0107ava prakti\u010dnu primjenu u dva koraka<\/span><\/li>\n<li id=\"tw-target-text\" class=\"tw-data-text tw-text-large tw-ta\" data-placeholder=\"Translation\"><span class=\"Y2IQFc\" lang=\"bs\">Elektromagnetni ventil za\u00a0automatsko zaustavljanje vode\u00a0nakon otpu\u0161tanja sigurnosnog prekida\u010da<\/span><\/li>\n<\/ul>\n","protected":false},"excerpt":{"rendered":"<p>Tihi rad Sklopivi transportni valjak\u00a0omogu\u0107ava prakti\u010dnu primjenu u dva koraka Sklopivi transportni valjak\u00a0omogu\u0107ava prakti\u010dnu primjenu u dva koraka Elektromagnetni ventil za\u00a0automatsko zaustavljanje vode\u00a0nakon otpu\u0161tanja sigurnosnog prekida\u010da<\/p>\n","protected":false},"featured_media":6547,"template":"","meta":{"_acf_changed":false},"product_brand":[],"product_cat":[67],"product_tag":[],"class_list":{"0":"post-6546","1":"product","2":"type-product","3":"status-publish","4":"has-post-thumbnail","6":"product_cat-masine-za-ciscenje-podova","8":"first","9":"outofstock","10":"shipping-taxable","11":"product-type-variable"},"acf":[],"_links":{"self":[{"href":"https:\/\/hotelassortment.com\/sl\/wp-json\/wp\/v2\/product\/6546","targetHints":{"allow":["GET"]}}],"collection":[{"href":"https:\/\/hotelassortment.com\/sl\/wp-json\/wp\/v2\/product"}],"about":[{"href":"https:\/\/hotelassortment.com\/sl\/wp-json\/wp\/v2\/types\/product"}],"wp:featuredmedia":[{"embeddable":true,"href":"https:\/\/hotelassortment.com\/sl\/wp-json\/wp\/v2\/media\/6547"}],"wp:attachment":[{"href":"https:\/\/hotelassortment.com\/sl\/wp-json\/wp\/v2\/media?parent=6546"}],"wp:term":[{"taxonomy":"product_brand","embeddable":true,"href":"https:\/\/hotelassortment.com\/sl\/wp-json\/wp\/v2\/product_brand?post=6546"},{"taxonomy":"product_cat","embeddable":true,"href":"https:\/\/hotelassortment.com\/sl\/wp-json\/wp\/v2\/product_cat?post=6546"},{"taxonomy":"product_tag","embeddable":true,"href":"https:\/\/hotelassortment.com\/sl\/wp-json\/wp\/v2\/product_tag?post=6546"}],"curies":[{"name":"wp","href":"https:\/\/api.w.org\/{rel}","templated":true}]}}