{"id":6529,"date":"2024-08-31T09:37:23","date_gmt":"2024-08-31T09:37:23","guid":{"rendered":"https:\/\/hotelskaoprema.ba\/?post_type=product&#038;p=6529"},"modified":"2024-09-03T10:20:08","modified_gmt":"2024-09-03T10:20:08","slug":"elektricni-usisivac-za-dubinsko-ciscenje-karcher-puzzi-8-1","status":"publish","type":"product","link":"https:\/\/hotelassortment.com\/sl\/artikli\/elektricni-usisivac-za-dubinsko-ciscenje-karcher-puzzi-8-1","title":{"rendered":"Elektri\u010dni usisiva\u010d za dubinsko \u010di\u0161\u0107enje KARCHER PUZZI 8\/1"},"content":{"rendered":"<ul>\n<li>Crijevo 2,5m<\/li>\n<li>Tihi rad<\/li>\n<li>Integrirano odlaganje pribora za presvlake\/mlaznicu za pukotine<\/li>\n<li>Integrirano odlaganje pribora za podnu mlaznicu<\/li>\n<li>Cijev za prskanje\/usisavanje<\/li>\n<li>Odvojivi 2-u-1 kontejner za svje\u017eu\/prljavu vodu<\/li>\n<\/ul>\n","protected":false},"excerpt":{"rendered":"<p>Crijevo 2,5m Tihi rad Integrirano odlaganje pribora za presvlake\/mlaznicu za pukotine Integrirano odlaganje pribora za podnu mlaznicu Cijev za prskanje\/usisavanje Odvojivi 2-u-1 kontejner za svje\u017eu\/prljavu vodu<\/p>\n","protected":false},"featured_media":6530,"template":"","meta":{"_acf_changed":false},"product_brand":[],"product_cat":[68],"product_tag":[],"class_list":{"0":"post-6529","1":"product","2":"type-product","3":"status-publish","4":"has-post-thumbnail","6":"product_cat-usisivaci-za-dubinsko-ciscenje-i-parni-cistaci","8":"first","9":"outofstock","10":"shipping-taxable","11":"product-type-variable"},"acf":[],"_links":{"self":[{"href":"https:\/\/hotelassortment.com\/sl\/wp-json\/wp\/v2\/product\/6529","targetHints":{"allow":["GET"]}}],"collection":[{"href":"https:\/\/hotelassortment.com\/sl\/wp-json\/wp\/v2\/product"}],"about":[{"href":"https:\/\/hotelassortment.com\/sl\/wp-json\/wp\/v2\/types\/product"}],"wp:featuredmedia":[{"embeddable":true,"href":"https:\/\/hotelassortment.com\/sl\/wp-json\/wp\/v2\/media\/6530"}],"wp:attachment":[{"href":"https:\/\/hotelassortment.com\/sl\/wp-json\/wp\/v2\/media?parent=6529"}],"wp:term":[{"taxonomy":"product_brand","embeddable":true,"href":"https:\/\/hotelassortment.com\/sl\/wp-json\/wp\/v2\/product_brand?post=6529"},{"taxonomy":"product_cat","embeddable":true,"href":"https:\/\/hotelassortment.com\/sl\/wp-json\/wp\/v2\/product_cat?post=6529"},{"taxonomy":"product_tag","embeddable":true,"href":"https:\/\/hotelassortment.com\/sl\/wp-json\/wp\/v2\/product_tag?post=6529"}],"curies":[{"name":"wp","href":"https:\/\/api.w.org\/{rel}","templated":true}]}}