{"id":6525,"date":"2024-08-31T09:21:48","date_gmt":"2024-08-31T09:21:48","guid":{"rendered":"https:\/\/hotelskaoprema.ba\/?post_type=product&#038;p=6525"},"modified":"2024-09-03T10:20:29","modified_gmt":"2024-09-03T10:20:29","slug":"elektricni-usisivac-za-dubinsko-ciscenje-karcher-puzzi-10-1","status":"publish","type":"product","link":"https:\/\/hotelassortment.com\/sl\/artikli\/elektricni-usisivac-za-dubinsko-ciscenje-karcher-puzzi-10-1","title":{"rendered":"Elektri\u010dni usisiva\u010d za dubinsko \u010di\u0161\u0107enje KARCHER PUZZI 10\/1"},"content":{"rendered":"<ul>\n<li>Crijevo 2,5m<\/li>\n<li>Tihi rad<\/li>\n<li>Mlaznica za tapecirane povr\u0161ine<\/li>\n<li>Uska podna mlaznica s fleksibilnom usisnom gumom<\/li>\n<li>Dodatna ru\u010dka<\/li>\n<li>Kva\u010dica za kabel<\/li>\n<\/ul>\n","protected":false},"excerpt":{"rendered":"<p>Crijevo 2,5m Tihi rad Mlaznica za tapecirane povr\u0161ine Uska podna mlaznica s fleksibilnom usisnom gumom Dodatna ru\u010dka Kva\u010dica za kabel<\/p>\n","protected":false},"featured_media":6526,"template":"","meta":{"_acf_changed":false},"product_brand":[],"product_cat":[68],"product_tag":[],"class_list":{"0":"post-6525","1":"product","2":"type-product","3":"status-publish","4":"has-post-thumbnail","6":"product_cat-usisivaci-za-dubinsko-ciscenje-i-parni-cistaci","8":"first","9":"outofstock","10":"shipping-taxable","11":"product-type-variable"},"acf":[],"_links":{"self":[{"href":"https:\/\/hotelassortment.com\/sl\/wp-json\/wp\/v2\/product\/6525","targetHints":{"allow":["GET"]}}],"collection":[{"href":"https:\/\/hotelassortment.com\/sl\/wp-json\/wp\/v2\/product"}],"about":[{"href":"https:\/\/hotelassortment.com\/sl\/wp-json\/wp\/v2\/types\/product"}],"wp:featuredmedia":[{"embeddable":true,"href":"https:\/\/hotelassortment.com\/sl\/wp-json\/wp\/v2\/media\/6526"}],"wp:attachment":[{"href":"https:\/\/hotelassortment.com\/sl\/wp-json\/wp\/v2\/media?parent=6525"}],"wp:term":[{"taxonomy":"product_brand","embeddable":true,"href":"https:\/\/hotelassortment.com\/sl\/wp-json\/wp\/v2\/product_brand?post=6525"},{"taxonomy":"product_cat","embeddable":true,"href":"https:\/\/hotelassortment.com\/sl\/wp-json\/wp\/v2\/product_cat?post=6525"},{"taxonomy":"product_tag","embeddable":true,"href":"https:\/\/hotelassortment.com\/sl\/wp-json\/wp\/v2\/product_tag?post=6525"}],"curies":[{"name":"wp","href":"https:\/\/api.w.org\/{rel}","templated":true}]}}