{"id":6447,"date":"2024-02-07T13:52:13","date_gmt":"2024-02-07T13:52:13","guid":{"rendered":"https:\/\/hotelskaoprema.ba\/?post_type=product&#038;p=6447"},"modified":"2024-09-02T14:19:04","modified_gmt":"2024-09-02T14:19:04","slug":"elektricni-usisivac-za-suho-i-mokro-usisavanje-karcher-nt-30-1-ap-l","status":"publish","type":"product","link":"https:\/\/hotelassortment.com\/sl\/artikli\/elektricni-usisivac-za-suho-i-mokro-usisavanje-karcher-nt-30-1-ap-l","title":{"rendered":"Elektri\u010dni usisiva\u010d za suho i mokro usisavanje KARCHER NT AP L 30\/1"},"content":{"rendered":"<ul>\n<li>Crijevo 2,5m<\/li>\n<li>Tihi rad<\/li>\n<li>Filterska flis vre\u0107ica<\/li>\n<li>Mlaznica za fuge<\/li>\n<li>Podna mlaznica za mokro\/suho usisavanje, 300<\/li>\n<li>Automatika za isklju\u010denje kod maksimalne koli\u010dine punjenja<\/li>\n<li>\u010ci\u0161\u0107enje filtra, ApClean (poluautomatsko \u010di\u0161\u0107enje filtra)<\/li>\n<\/ul>\n","protected":false},"excerpt":{"rendered":"<p>Crijevo 2,5m Tihi rad Filterska flis vre\u0107ica Mlaznica za fuge Podna mlaznica za mokro\/suho usisavanje, 300 Automatika za isklju\u010denje kod maksimalne koli\u010dine punjenja \u010ci\u0161\u0107enje filtra, ApClean (poluautomatsko \u010di\u0161\u0107enje filtra)<\/p>\n","protected":false},"featured_media":6448,"template":"","meta":{"_acf_changed":false},"product_brand":[],"product_cat":[66],"product_tag":[],"class_list":{"0":"post-6447","1":"product","2":"type-product","3":"status-publish","4":"has-post-thumbnail","6":"product_cat-usisivaci","8":"first","9":"outofstock","10":"shipping-taxable","11":"product-type-variable"},"acf":[],"_links":{"self":[{"href":"https:\/\/hotelassortment.com\/sl\/wp-json\/wp\/v2\/product\/6447","targetHints":{"allow":["GET"]}}],"collection":[{"href":"https:\/\/hotelassortment.com\/sl\/wp-json\/wp\/v2\/product"}],"about":[{"href":"https:\/\/hotelassortment.com\/sl\/wp-json\/wp\/v2\/types\/product"}],"wp:featuredmedia":[{"embeddable":true,"href":"https:\/\/hotelassortment.com\/sl\/wp-json\/wp\/v2\/media\/6448"}],"wp:attachment":[{"href":"https:\/\/hotelassortment.com\/sl\/wp-json\/wp\/v2\/media?parent=6447"}],"wp:term":[{"taxonomy":"product_brand","embeddable":true,"href":"https:\/\/hotelassortment.com\/sl\/wp-json\/wp\/v2\/product_brand?post=6447"},{"taxonomy":"product_cat","embeddable":true,"href":"https:\/\/hotelassortment.com\/sl\/wp-json\/wp\/v2\/product_cat?post=6447"},{"taxonomy":"product_tag","embeddable":true,"href":"https:\/\/hotelassortment.com\/sl\/wp-json\/wp\/v2\/product_tag?post=6447"}],"curies":[{"name":"wp","href":"https:\/\/api.w.org\/{rel}","templated":true}]}}