{"id":617,"date":"2023-11-21T10:19:59","date_gmt":"2023-11-21T10:19:59","guid":{"rendered":"https:\/\/hotelskaoprema.ba\/?post_type=product&#038;p=617"},"modified":"2026-03-19T21:30:50","modified_gmt":"2026-03-19T21:30:50","slug":"stolica-za-enterijer-shell-u","status":"publish","type":"product","link":"https:\/\/hotelassortment.com\/sl\/artikli\/stolica-za-enterijer-shell-u","title":{"rendered":"Stolica za enterijer Shell-U"},"content":{"rendered":"<p><strong>Stolica za enterijer Shell-U<\/strong>\u00a0je elegantan komad namje\u0161taja koji unosi sofisticiranost u svaki prostor. Njene moderne linije i mogu\u0107nost prilago\u0111avanja boje \u010dine je idealnom za razli\u010dite stilove enterijera.<\/p>\n<p>Ova stolica dolazi u\u00a0<strong>razli\u010ditim opcijama boja<\/strong>\u00a0kao \u0161to su antracit, crna, bijela, be\u017e, siva i zelena, \u0161to omogu\u0107ava da se savr\u0161eno uklopi u va\u0161 dizajn.\u00a0<strong>Dimenzije<\/strong>\u00a0stolice su 78 cm visina, 60 cm \u0161irina, 53 cm dubina, uz visinu sjedi\u0161ta od 45 cm i dubinu sjedi\u0161ta od 40 cm. Zahvaljuju\u0107i te\u017eini od samo 6,4 kg, lako se mo\u017ee pomjerati i prilago\u0111avati razli\u010ditim potrebama prostora. Shell-U je izuzetno kompatibilna sa modernim, minimalisti\u010dkim enterijerima, ali se jednako dobro uklapa i u klasi\u010dne prostore.<\/p>\n","protected":false},"excerpt":{"rendered":"<p>Stolica za enterijer Shell-U\u00a0je elegantan komad namje\u0161taja koji unosi sofisticiranost u svaki prostor. Njene moderne linije i mogu\u0107nost prilago\u0111avanja boje \u010dine je idealnom za razli\u010dite stilove enterijera. Ova stolica dolazi u\u00a0razli\u010ditim opcijama boja\u00a0kao \u0161to su antracit, crna, bijela, be\u017e, siva i zelena, \u0161to omogu\u0107ava da se savr\u0161eno uklopi u va\u0161 dizajn.\u00a0Dimenzije\u00a0stolice su 78 cm visina, [&hellip;]<\/p>\n","protected":false},"featured_media":4066,"template":"","meta":{"_acf_changed":false},"product_brand":[],"product_cat":[30],"product_tag":[],"class_list":{"0":"post-617","1":"product","2":"type-product","3":"status-publish","4":"has-post-thumbnail","6":"product_cat-stolice-za-enterijer","8":"first","9":"instock","10":"shipping-taxable","11":"product-type-variable"},"acf":[],"_links":{"self":[{"href":"https:\/\/hotelassortment.com\/sl\/wp-json\/wp\/v2\/product\/617","targetHints":{"allow":["GET"]}}],"collection":[{"href":"https:\/\/hotelassortment.com\/sl\/wp-json\/wp\/v2\/product"}],"about":[{"href":"https:\/\/hotelassortment.com\/sl\/wp-json\/wp\/v2\/types\/product"}],"wp:featuredmedia":[{"embeddable":true,"href":"https:\/\/hotelassortment.com\/sl\/wp-json\/wp\/v2\/media\/4066"}],"wp:attachment":[{"href":"https:\/\/hotelassortment.com\/sl\/wp-json\/wp\/v2\/media?parent=617"}],"wp:term":[{"taxonomy":"product_brand","embeddable":true,"href":"https:\/\/hotelassortment.com\/sl\/wp-json\/wp\/v2\/product_brand?post=617"},{"taxonomy":"product_cat","embeddable":true,"href":"https:\/\/hotelassortment.com\/sl\/wp-json\/wp\/v2\/product_cat?post=617"},{"taxonomy":"product_tag","embeddable":true,"href":"https:\/\/hotelassortment.com\/sl\/wp-json\/wp\/v2\/product_tag?post=617"}],"curies":[{"name":"wp","href":"https:\/\/api.w.org\/{rel}","templated":true}]}}