{"id":60,"date":"2023-11-16T11:42:18","date_gmt":"2023-11-16T11:42:18","guid":{"rendered":"https:\/\/hotelskaoprema.ba\/?post_type=product&#038;p=60"},"modified":"2026-04-16T12:29:30","modified_gmt":"2026-04-16T12:29:30","slug":"bademantil-frotirni","status":"publish","type":"product","link":"https:\/\/hotelassortment.com\/sl\/artikli\/bademantil-frotirni","title":{"rendered":"Bademantil frotirni"},"content":{"rendered":"<p><strong>Bademantil od 100% pamuka<\/strong>\u00a0donosi nenadma\u0161nu udobnost svojim prirodnim vlaknima. Savr\u0161en je za upotrebu nakon kupanja ili opu\u0161tanja u spa centru, zahvaljuju\u0107i svojoj izuzetnoj meko\u0107i i sposobnosti upijanja.<\/p>\n<p>Ovaj bademantil je\u00a0<strong>prozra\u010dan<\/strong>\u00a0i lagan, a zadr\u017eava dovoljno toplote da pru\u017ei osje\u0107aj potpunog komfora. Njegova\u00a0<strong>kvalitetna izrada<\/strong>\u00a0osigurava trajnost, zadr\u017eavaju\u0107i oblik i svje\u017einu i nakon brojnih pranja. S idealnim karakteristikama, predstavlja odli\u010dan izbor za\u00a0<strong>hotele i wellness<\/strong>\u00a0objekte.<\/p>\n<ul>\n<li><strong>Specifikacije \u2013 bademantil frotirni<\/strong><\/li>\n<li><strong>Materijal:<\/strong>\u00a0100% pamuk<\/li>\n<li><strong>Grama\u017ea:<\/strong> 1100<\/li>\n<li><b>Veli\u010dina: <\/b>XL<\/li>\n<\/ul>\n<p><em>*Nudimo mogu\u0107nost izrade bademantila u razli\u010ditim, nestandardnim dimenzijama, u potpunosti prilago\u0111enih va\u0161im specifi\u010dnim zahtjevima.<\/em><\/p>\n","protected":false},"excerpt":{"rendered":"<p>Bademantil od 100% pamuka\u00a0donosi nenadma\u0161nu udobnost svojim prirodnim vlaknima. Savr\u0161en je za upotrebu nakon kupanja ili opu\u0161tanja u spa centru, zahvaljuju\u0107i svojoj izuzetnoj meko\u0107i i sposobnosti upijanja. Ovaj bademantil je\u00a0prozra\u010dan\u00a0i lagan, a zadr\u017eava dovoljno toplote da pru\u017ei osje\u0107aj potpunog komfora. Njegova\u00a0kvalitetna izrada\u00a0osigurava trajnost, zadr\u017eavaju\u0107i oblik i svje\u017einu i nakon brojnih pranja. S idealnim karakteristikama, predstavlja [&hellip;]<\/p>\n","protected":false},"featured_media":61,"template":"","meta":{"_acf_changed":false},"product_brand":[],"product_cat":[31],"product_tag":[],"class_list":{"0":"post-60","1":"product","2":"type-product","3":"status-publish","4":"has-post-thumbnail","6":"product_cat-bademantili","8":"first","9":"instock","10":"shipping-taxable","11":"product-type-simple"},"acf":[],"_links":{"self":[{"href":"https:\/\/hotelassortment.com\/sl\/wp-json\/wp\/v2\/product\/60","targetHints":{"allow":["GET"]}}],"collection":[{"href":"https:\/\/hotelassortment.com\/sl\/wp-json\/wp\/v2\/product"}],"about":[{"href":"https:\/\/hotelassortment.com\/sl\/wp-json\/wp\/v2\/types\/product"}],"wp:featuredmedia":[{"embeddable":true,"href":"https:\/\/hotelassortment.com\/sl\/wp-json\/wp\/v2\/media\/61"}],"wp:attachment":[{"href":"https:\/\/hotelassortment.com\/sl\/wp-json\/wp\/v2\/media?parent=60"}],"wp:term":[{"taxonomy":"product_brand","embeddable":true,"href":"https:\/\/hotelassortment.com\/sl\/wp-json\/wp\/v2\/product_brand?post=60"},{"taxonomy":"product_cat","embeddable":true,"href":"https:\/\/hotelassortment.com\/sl\/wp-json\/wp\/v2\/product_cat?post=60"},{"taxonomy":"product_tag","embeddable":true,"href":"https:\/\/hotelassortment.com\/sl\/wp-json\/wp\/v2\/product_tag?post=60"}],"curies":[{"name":"wp","href":"https:\/\/api.w.org\/{rel}","templated":true}]}}