{"id":58,"date":"2023-11-16T12:35:53","date_gmt":"2023-11-16T12:35:53","guid":{"rendered":"https:\/\/hotelskaoprema.ba\/?post_type=product&#038;p=58"},"modified":"2026-04-12T21:13:06","modified_gmt":"2026-04-12T21:13:06","slug":"kupatilska-stopa","status":"publish","type":"product","link":"https:\/\/hotelassortment.com\/sl\/artikli\/kupatilska-stopa","title":{"rendered":"Kupatilska stopa"},"content":{"rendered":"<p><strong>Kupatilska stopa<\/strong>\u00a0od 100% pamuka nudi osje\u0107aj \u010disto\u0107e, udobnosti i sigurnosti nakon tu\u0161iranja ili kupanja. Izra\u0111ena od kvalitetnih prirodnih vlakana, ova stopa se isti\u010de visokom mo\u0107i upijanja i izuzetnom meko\u0107om.<\/p>\n<p>Ova\u00a0<strong>kupatilska stopa<\/strong>\u00a0osigurava dugotrajnost i otpornost na \u010desta pranja, \u010dine\u0107i je prakti\u010dnim izborom za svakodnevnu upotrebu. Njene dimenzije su 50cm x 70cm, \u0161to je \u010dini idealnom za postavljanje ispred kade ili tu\u0161 kabine. S GSM opcijama od 600, 650 i 715, mo\u017eete biti sigurni da \u0107e zadovoljiti sve potrebe za apsorpcijom i meko\u0107om.\u00a0<strong>Bijela boja<\/strong> i elegantan dizajn \u010dine je pogodnom za hotele, spa i wellness centre, gdje je spoj higijene i luksuza od presudnog zna\u010daja.<\/p>\n<ul>\n<li data-start=\"105\" data-end=\"207\"><strong>Specifikacije \u2013 Kupatilska stopa<\/strong><\/li>\n<li data-start=\"105\" data-end=\"207\"><strong data-start=\"186\" data-end=\"202\">Materijal:<\/strong> 100% pamuk<\/li>\n<li data-start=\"105\" data-end=\"207\"><strong data-start=\"208\" data-end=\"235\">Dimenzije:<\/strong> 50cm x 70cm<\/li>\n<li data-start=\"105\" data-end=\"207\"><strong data-start=\"241\" data-end=\"257\">GSM:<\/strong> 600 | 650 | 715<\/li>\n<li data-start=\"105\" data-end=\"207\"><strong data-start=\"300\" data-end=\"316\">Boja:<\/strong> bijela<\/li>\n<\/ul>\n<p><em>*Nudimo mogu\u0107nost izrade stopa u razli\u010ditim, nestandardnim dimenzijama, u potpunosti prilago\u0111enih va\u0161im specifi\u010dnim zahtjevima. Tako\u0111er, omogu\u0107avamo personalizaciju pe\u0161kira kroz dodavanje logotipa, veza ili natpisa, kako bi proizvod u potpunosti odgovarao va\u0161em brendu i potrebama.<\/em><\/p>\n","protected":false},"excerpt":{"rendered":"<p>Kupatilska stopa\u00a0od 100% pamuka nudi osje\u0107aj \u010disto\u0107e, udobnosti i sigurnosti nakon tu\u0161iranja ili kupanja. Izra\u0111ena od kvalitetnih prirodnih vlakana, ova stopa se isti\u010de visokom mo\u0107i upijanja i izuzetnom meko\u0107om. Ova\u00a0kupatilska stopa\u00a0osigurava dugotrajnost i otpornost na \u010desta pranja, \u010dine\u0107i je prakti\u010dnim izborom za svakodnevnu upotrebu. Njene dimenzije su 50cm x 70cm, \u0161to je \u010dini idealnom za [&hellip;]<\/p>\n","protected":false},"featured_media":59,"template":"","meta":{"_acf_changed":false},"product_brand":[],"product_cat":[28],"product_tag":[],"class_list":{"0":"post-58","1":"product","2":"type-product","3":"status-publish","4":"has-post-thumbnail","6":"product_cat-peskiri","8":"first","9":"instock","10":"shipping-taxable","11":"product-type-variable"},"acf":[],"_links":{"self":[{"href":"https:\/\/hotelassortment.com\/sl\/wp-json\/wp\/v2\/product\/58","targetHints":{"allow":["GET"]}}],"collection":[{"href":"https:\/\/hotelassortment.com\/sl\/wp-json\/wp\/v2\/product"}],"about":[{"href":"https:\/\/hotelassortment.com\/sl\/wp-json\/wp\/v2\/types\/product"}],"wp:featuredmedia":[{"embeddable":true,"href":"https:\/\/hotelassortment.com\/sl\/wp-json\/wp\/v2\/media\/59"}],"wp:attachment":[{"href":"https:\/\/hotelassortment.com\/sl\/wp-json\/wp\/v2\/media?parent=58"}],"wp:term":[{"taxonomy":"product_brand","embeddable":true,"href":"https:\/\/hotelassortment.com\/sl\/wp-json\/wp\/v2\/product_brand?post=58"},{"taxonomy":"product_cat","embeddable":true,"href":"https:\/\/hotelassortment.com\/sl\/wp-json\/wp\/v2\/product_cat?post=58"},{"taxonomy":"product_tag","embeddable":true,"href":"https:\/\/hotelassortment.com\/sl\/wp-json\/wp\/v2\/product_tag?post=58"}],"curies":[{"name":"wp","href":"https:\/\/api.w.org\/{rel}","templated":true}]}}