{"id":561,"date":"2023-11-20T22:24:06","date_gmt":"2023-11-20T22:24:06","guid":{"rendered":"https:\/\/hotelskaoprema.ba\/?post_type=product&#038;p=561"},"modified":"2026-03-19T21:25:33","modified_gmt":"2026-03-19T21:25:33","slug":"stolica-za-enterijer-shell-n","status":"publish","type":"product","link":"https:\/\/hotelassortment.com\/sl\/artikli\/stolica-za-enterijer-shell-n","title":{"rendered":"Stolica za enterijer Shell-N"},"content":{"rendered":"<p>Oplemenite svoj enterijer uz elegantnu\u00a0<strong>Stolicu za enterijer Shell-N<\/strong>. Ova stolica nije samo estetski privla\u010dna, ve\u0107 i funkcionalna, zahvaljuju\u0107i kombinaciji modernog dizajna i prakti\u010dnih karakteristika.<\/p>\n<p>Sa nogama izra\u0111enim od visokokvalitetnog\u00a0<strong>bukovog drveta<\/strong>,\u00a0<strong>Shell-N<\/strong>\u00a0stolica dodaje dozu luksuza bilo kojem prostoru. Dimenzije stolice su 80cm x 44,5cm x 46cm x 47cm x 40cm, \u0161to omogu\u0107ava lako uklapanje u razli\u010dite prostorije. Te\u017eina od samo 4,8kg \u010dini je prenosivom i jednostavnom za preure\u0111enje prostora. Dostupna u raznim bojama:\u00a0<strong>Crna, Bijela, Be\u017e, Siva, Zelena<\/strong>\u00a0i\u00a0<strong>Antracit<\/strong>, pru\u017ea mogu\u0107nost kreiranja vlastite kombinacije boja koja \u0107e se savr\u0161eno uklopiti u va\u0161 prostor.<\/p>\n","protected":false},"excerpt":{"rendered":"<p>Oplemenite svoj enterijer uz elegantnu\u00a0Stolicu za enterijer Shell-N. Ova stolica nije samo estetski privla\u010dna, ve\u0107 i funkcionalna, zahvaljuju\u0107i kombinaciji modernog dizajna i prakti\u010dnih karakteristika. Sa nogama izra\u0111enim od visokokvalitetnog\u00a0bukovog drveta,\u00a0Shell-N\u00a0stolica dodaje dozu luksuza bilo kojem prostoru. Dimenzije stolice su 80cm x 44,5cm x 46cm x 47cm x 40cm, \u0161to omogu\u0107ava lako uklapanje u razli\u010dite prostorije. [&hellip;]<\/p>\n","protected":false},"featured_media":562,"template":"","meta":{"_acf_changed":false},"product_brand":[],"product_cat":[30],"product_tag":[],"class_list":{"0":"post-561","1":"product","2":"type-product","3":"status-publish","4":"has-post-thumbnail","6":"product_cat-stolice-za-enterijer","8":"first","9":"instock","10":"shipping-taxable","11":"product-type-variable"},"acf":[],"_links":{"self":[{"href":"https:\/\/hotelassortment.com\/sl\/wp-json\/wp\/v2\/product\/561","targetHints":{"allow":["GET"]}}],"collection":[{"href":"https:\/\/hotelassortment.com\/sl\/wp-json\/wp\/v2\/product"}],"about":[{"href":"https:\/\/hotelassortment.com\/sl\/wp-json\/wp\/v2\/types\/product"}],"wp:featuredmedia":[{"embeddable":true,"href":"https:\/\/hotelassortment.com\/sl\/wp-json\/wp\/v2\/media\/562"}],"wp:attachment":[{"href":"https:\/\/hotelassortment.com\/sl\/wp-json\/wp\/v2\/media?parent=561"}],"wp:term":[{"taxonomy":"product_brand","embeddable":true,"href":"https:\/\/hotelassortment.com\/sl\/wp-json\/wp\/v2\/product_brand?post=561"},{"taxonomy":"product_cat","embeddable":true,"href":"https:\/\/hotelassortment.com\/sl\/wp-json\/wp\/v2\/product_cat?post=561"},{"taxonomy":"product_tag","embeddable":true,"href":"https:\/\/hotelassortment.com\/sl\/wp-json\/wp\/v2\/product_tag?post=561"}],"curies":[{"name":"wp","href":"https:\/\/api.w.org\/{rel}","templated":true}]}}