{"id":53,"date":"2023-11-16T11:26:12","date_gmt":"2023-11-16T11:26:12","guid":{"rendered":"https:\/\/hotelskaoprema.ba\/?post_type=product&#038;p=53"},"modified":"2026-04-12T20:28:09","modified_gmt":"2026-04-12T20:28:09","slug":"peskir-za-kupanje","status":"publish","type":"product","link":"https:\/\/hotelassortment.com\/sl\/artikli\/peskir-za-kupanje","title":{"rendered":"Pe\u0161kir za kupanje"},"content":{"rendered":"<p>Otkrijte luksuz koji donose na\u0161i\u00a0<strong>hotelski pe\u0161kiri za kupanje<\/strong>, izra\u0111eni od 100% pamuka. Ovi pe\u0161kiri pru\u017eaju\u00a0<strong>vrhunsku meko\u0107u<\/strong>\u00a0i\u00a0<strong>izuzetnu mo\u0107 upijanja<\/strong>, \u0161to osigurava osje\u0107aj potpune udobnosti nakon svakog tu\u0161iranja ili kupke.<\/p>\n<p>Sa svojim\u00a0<strong>kvalitetnim prirodnim vlaknima<\/strong>, ovi pe\u0161kiri su otporni na \u010desta pranja, zadr\u017eavaju\u0107i svoj volumen i prijatan dodir. Svojim\u00a0<strong>elegantnim izgledom<\/strong>\u00a0i prakti\u010dno\u0161\u0107u, savr\u0161eno odgovaraju visokim hotelskim standardima, obezbje\u0111uju\u0107i gostima luksuz i higijenu. Dimenzije dostupne su 70cm x 140cm i 90cm x 150cm, a gustina materijala varira od 400, 450 do 500 GSM.\u00a0<strong>Boja<\/strong>\u00a0pe\u0161kira je klasi\u010dna bijela, \u010dine\u0107i ih idealnim izborom za svaku kupaonicu.<\/p>\n<ul>\n<li data-start=\"105\" data-end=\"207\"><strong>Specifikacije \u2013 Pe\u0161kir za kupanje<\/strong><\/li>\n<li data-start=\"105\" data-end=\"207\"><strong data-start=\"186\" data-end=\"202\">Materijal:<\/strong> 100% pamuk<\/li>\n<li data-start=\"105\" data-end=\"207\"><strong data-start=\"208\" data-end=\"235\">Dimenzije:<\/strong> 70cm x 140cm | 90cm x 150cm<\/li>\n<li data-start=\"105\" data-end=\"207\"><strong data-start=\"241\" data-end=\"257\">GSM:<\/strong> 400 | 450 | 500<\/li>\n<li data-start=\"105\" data-end=\"207\"><strong data-start=\"300\" data-end=\"316\">Boja:<\/strong>\u00a0bijela<\/li>\n<\/ul>\n<p><em>*Nudimo mogu\u0107nost izrade pe\u0161kira u razli\u010ditim, nestandardnim dimenzijama, u potpunosti prilago\u0111enih va\u0161im specifi\u010dnim zahtjevima. Tako\u0111er, omogu\u0107avamo personalizaciju pe\u0161kira kroz dodavanje logotipa, veza ili natpisa, kako bi proizvod u potpunosti odgovarao va\u0161em brendu i potrebama.<\/em><\/p>\n","protected":false},"excerpt":{"rendered":"<p>Otkrijte luksuz koji donose na\u0161i\u00a0hotelski pe\u0161kiri za kupanje, izra\u0111eni od 100% pamuka. Ovi pe\u0161kiri pru\u017eaju\u00a0vrhunsku meko\u0107u\u00a0i\u00a0izuzetnu mo\u0107 upijanja, \u0161to osigurava osje\u0107aj potpune udobnosti nakon svakog tu\u0161iranja ili kupke. Sa svojim\u00a0kvalitetnim prirodnim vlaknima, ovi pe\u0161kiri su otporni na \u010desta pranja, zadr\u017eavaju\u0107i svoj volumen i prijatan dodir. Svojim\u00a0elegantnim izgledom\u00a0i prakti\u010dno\u0161\u0107u, savr\u0161eno odgovaraju visokim hotelskim standardima, obezbje\u0111uju\u0107i gostima [&hellip;]<\/p>\n","protected":false},"featured_media":54,"template":"","meta":{"_acf_changed":false},"product_brand":[],"product_cat":[28],"product_tag":[],"class_list":{"0":"post-53","1":"product","2":"type-product","3":"status-publish","4":"has-post-thumbnail","6":"product_cat-peskiri","8":"first","9":"instock","10":"shipping-taxable","11":"product-type-variable"},"acf":[],"_links":{"self":[{"href":"https:\/\/hotelassortment.com\/sl\/wp-json\/wp\/v2\/product\/53","targetHints":{"allow":["GET"]}}],"collection":[{"href":"https:\/\/hotelassortment.com\/sl\/wp-json\/wp\/v2\/product"}],"about":[{"href":"https:\/\/hotelassortment.com\/sl\/wp-json\/wp\/v2\/types\/product"}],"wp:featuredmedia":[{"embeddable":true,"href":"https:\/\/hotelassortment.com\/sl\/wp-json\/wp\/v2\/media\/54"}],"wp:attachment":[{"href":"https:\/\/hotelassortment.com\/sl\/wp-json\/wp\/v2\/media?parent=53"}],"wp:term":[{"taxonomy":"product_brand","embeddable":true,"href":"https:\/\/hotelassortment.com\/sl\/wp-json\/wp\/v2\/product_brand?post=53"},{"taxonomy":"product_cat","embeddable":true,"href":"https:\/\/hotelassortment.com\/sl\/wp-json\/wp\/v2\/product_cat?post=53"},{"taxonomy":"product_tag","embeddable":true,"href":"https:\/\/hotelassortment.com\/sl\/wp-json\/wp\/v2\/product_tag?post=53"}],"curies":[{"name":"wp","href":"https:\/\/api.w.org\/{rel}","templated":true}]}}