{"id":50,"date":"2023-11-16T11:01:38","date_gmt":"2023-11-16T11:01:38","guid":{"rendered":"https:\/\/hotelskaoprema.ba\/?post_type=product&#038;p=50"},"modified":"2026-04-12T20:06:00","modified_gmt":"2026-04-12T20:06:00","slug":"peskir-za-ruke","status":"publish","type":"product","link":"https:\/\/hotelassortment.com\/sl\/artikli\/peskir-za-ruke","title":{"rendered":"Pe\u0161kir za ruke"},"content":{"rendered":"<p>Hotelski\u00a0<strong>pe\u0161kiri za ruke<\/strong>\u00a0su esencijalni dodatak svakom prostoru koji te\u017ei eleganciji i komforu. Izra\u0111eni su od 100% prirodnih pamu\u010dnih vlakana, pru\u017eaju\u0107i visoku\u00a0<strong>upijajnost<\/strong>\u00a0i meko\u0107u koja odgovara potrebama \u010dak i najzahtjevnijih korisnika.<\/p>\n<p>Ovi pe\u0161kiri nude izdr\u017eljivost uz jednostavno odr\u017eavanje, idealni su za hotele, spa centre i wellness prostore. Zahvaljuju\u0107i raznim\u00a0<strong>specifikacijama<\/strong>, uklju\u010duju\u0107i dimenzije 50cm x 90cm i razli\u010dite gusto\u0107e tkanja (400, 450, 500 GSM), ovi pe\u0161kiri obezbje\u0111uju optimalnu funkcionalnost i estetiku. Njihov elegantni bijeli dizajn omogu\u0107ava lako uskla\u0111ivanje sa svakim interijerom.<\/p>\n<ul>\n<li data-start=\"105\" data-end=\"207\"><strong>Specifikacije \u2013 Pe\u0161kir za ruke<\/strong><\/li>\n<li data-start=\"105\" data-end=\"207\"><strong data-start=\"186\" data-end=\"202\">Materijal:<\/strong> 100% pamuk<\/li>\n<li data-start=\"105\" data-end=\"207\"><strong data-start=\"208\" data-end=\"235\">Dimenzije:<\/strong> 50cm x 90cm<\/li>\n<li data-start=\"105\" data-end=\"207\"><strong data-start=\"241\" data-end=\"257\">GSM:<\/strong> 400 | 450 | 500<\/li>\n<li data-start=\"105\" data-end=\"207\"><strong data-start=\"300\" data-end=\"316\">Boja:<\/strong>\u00a0bijela<\/li>\n<\/ul>\n<p><em>*Nudimo mogu\u0107nost izrade pe\u0161kira u razli\u010ditim, nestandardnim dimenzijama, u potpunosti prilago\u0111enih va\u0161im specifi\u010dnim zahtjevima. Tako\u0111er, omogu\u0107avamo personalizaciju pe\u0161kira kroz dodavanje logotipa, veza ili natpisa, kako bi proizvod u potpunosti odgovarao va\u0161em brendu i potrebama.<\/em><\/p>\n","protected":false},"excerpt":{"rendered":"<p>Hotelski\u00a0pe\u0161kiri za ruke\u00a0su esencijalni dodatak svakom prostoru koji te\u017ei eleganciji i komforu. Izra\u0111eni su od 100% prirodnih pamu\u010dnih vlakana, pru\u017eaju\u0107i visoku\u00a0upijajnost\u00a0i meko\u0107u koja odgovara potrebama \u010dak i najzahtjevnijih korisnika. Ovi pe\u0161kiri nude izdr\u017eljivost uz jednostavno odr\u017eavanje, idealni su za hotele, spa centre i wellness prostore. Zahvaljuju\u0107i raznim\u00a0specifikacijama, uklju\u010duju\u0107i dimenzije 50cm x 90cm i razli\u010dite gusto\u0107e [&hellip;]<\/p>\n","protected":false},"featured_media":51,"template":"","meta":{"_acf_changed":false},"product_brand":[],"product_cat":[28],"product_tag":[],"class_list":{"0":"post-50","1":"product","2":"type-product","3":"status-publish","4":"has-post-thumbnail","6":"product_cat-peskiri","8":"first","9":"instock","10":"shipping-taxable","11":"product-type-variable"},"acf":[],"_links":{"self":[{"href":"https:\/\/hotelassortment.com\/sl\/wp-json\/wp\/v2\/product\/50","targetHints":{"allow":["GET"]}}],"collection":[{"href":"https:\/\/hotelassortment.com\/sl\/wp-json\/wp\/v2\/product"}],"about":[{"href":"https:\/\/hotelassortment.com\/sl\/wp-json\/wp\/v2\/types\/product"}],"wp:featuredmedia":[{"embeddable":true,"href":"https:\/\/hotelassortment.com\/sl\/wp-json\/wp\/v2\/media\/51"}],"wp:attachment":[{"href":"https:\/\/hotelassortment.com\/sl\/wp-json\/wp\/v2\/media?parent=50"}],"wp:term":[{"taxonomy":"product_brand","embeddable":true,"href":"https:\/\/hotelassortment.com\/sl\/wp-json\/wp\/v2\/product_brand?post=50"},{"taxonomy":"product_cat","embeddable":true,"href":"https:\/\/hotelassortment.com\/sl\/wp-json\/wp\/v2\/product_cat?post=50"},{"taxonomy":"product_tag","embeddable":true,"href":"https:\/\/hotelassortment.com\/sl\/wp-json\/wp\/v2\/product_tag?post=50"}],"curies":[{"name":"wp","href":"https:\/\/api.w.org\/{rel}","templated":true}]}}