{"id":3669,"date":"2023-12-02T22:42:16","date_gmt":"2023-12-02T22:42:16","guid":{"rendered":"https:\/\/hotelskaoprema.ba\/?post_type=product&#038;p=3669"},"modified":"2024-12-29T08:08:37","modified_gmt":"2024-12-29T08:08:37","slug":"zglobno-kozmeticko-ogledalo-sa-led-svjetlom","status":"publish","type":"product","link":"https:\/\/hotelassortment.com\/sl\/artikli\/zglobno-kozmeticko-ogledalo-sa-led-svjetlom","title":{"rendered":"Zglobno kozmeti\u010dko ogledalo sa LED svjetlom"},"content":{"rendered":"<ul>\n<li>Pogodno za hotele i kozmeti\u010dke salone<\/li>\n<li>Izra\u0111eno od visokokvalitetnog nehr\u0111aju\u0107eg \u010delika s poliranom kromiranom zavr\u0161nom obradom<\/li>\n<li>S promjerom od 20cm zakretnom i produ\u017eivom rukom omogu\u0107ava postavljanje ogledala na razli\u010dite udaljenosti i uglove za udobnu upotrebu. Kada se ne koristi, ruka se mo\u017ee sklopiti, \u010dime se optimizira prostor<\/li>\n<li>Funkcija uve\u0107anja od 5x omogu\u0107ava pregled detalja s iznimnom jasno\u0107om<\/li>\n<li>Opremljeno integriranim LED svjetlom, pru\u017ea prirodnu i ravnomjernu osvijetljenost, savr\u0161enu za precizne zadatke poput \u0161minkanja. Senzor na dodir omogu\u0107ava jednostavno uklju\u010divanje i isklju\u010divanje LED svjetla jednim dodirom.<\/li>\n<\/ul>\n","protected":false},"excerpt":{"rendered":"<p>Pogodno za hotele i kozmeti\u010dke salone Izra\u0111eno od visokokvalitetnog nehr\u0111aju\u0107eg \u010delika s poliranom kromiranom zavr\u0161nom obradom S promjerom od 20cm zakretnom i produ\u017eivom rukom omogu\u0107ava postavljanje ogledala na razli\u010dite udaljenosti i uglove za udobnu upotrebu. Kada se ne koristi, ruka se mo\u017ee sklopiti, \u010dime se optimizira prostor Funkcija uve\u0107anja od 5x omogu\u0107ava pregled detalja s [&hellip;]<\/p>\n","protected":false},"featured_media":6984,"template":"","meta":{"_acf_changed":false},"product_brand":[],"product_cat":[78],"product_tag":[],"class_list":{"0":"post-3669","1":"product","2":"type-product","3":"status-publish","4":"has-post-thumbnail","6":"product_cat-ostalo","8":"first","9":"outofstock","10":"shipping-taxable","11":"product-type-variable"},"acf":[],"_links":{"self":[{"href":"https:\/\/hotelassortment.com\/sl\/wp-json\/wp\/v2\/product\/3669","targetHints":{"allow":["GET"]}}],"collection":[{"href":"https:\/\/hotelassortment.com\/sl\/wp-json\/wp\/v2\/product"}],"about":[{"href":"https:\/\/hotelassortment.com\/sl\/wp-json\/wp\/v2\/types\/product"}],"wp:featuredmedia":[{"embeddable":true,"href":"https:\/\/hotelassortment.com\/sl\/wp-json\/wp\/v2\/media\/6984"}],"wp:attachment":[{"href":"https:\/\/hotelassortment.com\/sl\/wp-json\/wp\/v2\/media?parent=3669"}],"wp:term":[{"taxonomy":"product_brand","embeddable":true,"href":"https:\/\/hotelassortment.com\/sl\/wp-json\/wp\/v2\/product_brand?post=3669"},{"taxonomy":"product_cat","embeddable":true,"href":"https:\/\/hotelassortment.com\/sl\/wp-json\/wp\/v2\/product_cat?post=3669"},{"taxonomy":"product_tag","embeddable":true,"href":"https:\/\/hotelassortment.com\/sl\/wp-json\/wp\/v2\/product_tag?post=3669"}],"curies":[{"name":"wp","href":"https:\/\/api.w.org\/{rel}","templated":true}]}}