{"id":3647,"date":"2023-12-02T12:06:07","date_gmt":"2023-12-02T12:06:07","guid":{"rendered":"https:\/\/hotelskaoprema.ba\/?post_type=product&#038;p=3647"},"modified":"2025-02-19T09:37:04","modified_gmt":"2025-02-19T09:37:04","slug":"stolni-telefon-gigaset-desk-400","status":"publish","type":"product","link":"https:\/\/hotelassortment.com\/sl\/artikli\/stolni-telefon-gigaset-desk-400","title":{"rendered":"Stolni telefon GIGASET DESK 400"},"content":{"rendered":"<ul>\n<li>10 brzih biranja<\/li>\n<li>Napajanje preko telefonske linije, nije potrebna posebna jedinica za napajanje<\/li>\n<li>3 razli\u010dite melodije i razine zvuka<\/li>\n<li>Podesiva ja\u010dina zvuka slu\u0161alice<\/li>\n<li>Opcija pozivanja posljednjeg broja<\/li>\n<\/ul>\n","protected":false},"excerpt":{"rendered":"<p>10 brzih biranja Napajanje preko telefonske linije, nije potrebna posebna jedinica za napajanje 3 razli\u010dite melodije i razine zvuka Podesiva ja\u010dina zvuka slu\u0161alice Opcija pozivanja posljednjeg broja<\/p>\n","protected":false},"featured_media":6555,"template":"","meta":{"_acf_changed":false},"product_brand":[],"product_cat":[76],"product_tag":[],"class_list":{"0":"post-3647","1":"product","2":"type-product","3":"status-publish","4":"has-post-thumbnail","6":"product_cat-telefoni","8":"first","9":"instock","10":"shipping-taxable","11":"product-type-variable"},"acf":[],"_links":{"self":[{"href":"https:\/\/hotelassortment.com\/sl\/wp-json\/wp\/v2\/product\/3647","targetHints":{"allow":["GET"]}}],"collection":[{"href":"https:\/\/hotelassortment.com\/sl\/wp-json\/wp\/v2\/product"}],"about":[{"href":"https:\/\/hotelassortment.com\/sl\/wp-json\/wp\/v2\/types\/product"}],"wp:featuredmedia":[{"embeddable":true,"href":"https:\/\/hotelassortment.com\/sl\/wp-json\/wp\/v2\/media\/6555"}],"wp:attachment":[{"href":"https:\/\/hotelassortment.com\/sl\/wp-json\/wp\/v2\/media?parent=3647"}],"wp:term":[{"taxonomy":"product_brand","embeddable":true,"href":"https:\/\/hotelassortment.com\/sl\/wp-json\/wp\/v2\/product_brand?post=3647"},{"taxonomy":"product_cat","embeddable":true,"href":"https:\/\/hotelassortment.com\/sl\/wp-json\/wp\/v2\/product_cat?post=3647"},{"taxonomy":"product_tag","embeddable":true,"href":"https:\/\/hotelassortment.com\/sl\/wp-json\/wp\/v2\/product_tag?post=3647"}],"curies":[{"name":"wp","href":"https:\/\/api.w.org\/{rel}","templated":true}]}}