{"id":3634,"date":"2023-12-02T11:53:03","date_gmt":"2023-12-02T11:53:03","guid":{"rendered":"https:\/\/hotelskaoprema.ba\/?post_type=product&#038;p=3634"},"modified":"2023-12-17T21:04:13","modified_gmt":"2023-12-17T21:04:13","slug":"kanta-za-otpatke-sa-pedalom-od-nehrdjajuceg-celika","status":"publish","type":"product","link":"https:\/\/hotelassortment.com\/sl\/artikli\/kanta-za-otpatke-sa-pedalom-od-nehrdjajuceg-celika","title":{"rendered":"Kanta za otpatke sa pedalom od nehr\u0111aju\u0107eg \u010delika"},"content":{"rendered":"<ul>\n<li>Kanta pogodna za kori\u0161tenje u kupatilu<\/li>\n<\/ul>\n","protected":false},"excerpt":{"rendered":"<p>Kanta pogodna za kori\u0161tenje u kupatilu<\/p>\n","protected":false},"featured_media":3635,"template":"","meta":{"_acf_changed":false},"product_brand":[],"product_cat":[75],"product_tag":[],"class_list":{"0":"post-3634","1":"product","2":"type-product","3":"status-publish","4":"has-post-thumbnail","6":"product_cat-kante-za-otpatke","8":"first","9":"instock","10":"shipping-taxable","11":"product-type-variable"},"acf":[],"_links":{"self":[{"href":"https:\/\/hotelassortment.com\/sl\/wp-json\/wp\/v2\/product\/3634","targetHints":{"allow":["GET"]}}],"collection":[{"href":"https:\/\/hotelassortment.com\/sl\/wp-json\/wp\/v2\/product"}],"about":[{"href":"https:\/\/hotelassortment.com\/sl\/wp-json\/wp\/v2\/types\/product"}],"wp:featuredmedia":[{"embeddable":true,"href":"https:\/\/hotelassortment.com\/sl\/wp-json\/wp\/v2\/media\/3635"}],"wp:attachment":[{"href":"https:\/\/hotelassortment.com\/sl\/wp-json\/wp\/v2\/media?parent=3634"}],"wp:term":[{"taxonomy":"product_brand","embeddable":true,"href":"https:\/\/hotelassortment.com\/sl\/wp-json\/wp\/v2\/product_brand?post=3634"},{"taxonomy":"product_cat","embeddable":true,"href":"https:\/\/hotelassortment.com\/sl\/wp-json\/wp\/v2\/product_cat?post=3634"},{"taxonomy":"product_tag","embeddable":true,"href":"https:\/\/hotelassortment.com\/sl\/wp-json\/wp\/v2\/product_tag?post=3634"}],"curies":[{"name":"wp","href":"https:\/\/api.w.org\/{rel}","templated":true}]}}