{"id":3606,"date":"2023-12-01T22:50:08","date_gmt":"2023-12-01T22:50:08","guid":{"rendered":"https:\/\/hotelskaoprema.ba\/?post_type=product&#038;p=3606"},"modified":"2023-12-17T20:25:49","modified_gmt":"2023-12-17T20:25:49","slug":"minibar-kolica","status":"publish","type":"product","link":"https:\/\/hotelassortment.com\/sl\/artikli\/minibar-kolica","title":{"rendered":"Minibar kolica"},"content":{"rendered":"<ul>\n<li>Dva to\u010dka sa ko\u010dnicama<\/li>\n<li>To\u010dkovi koji ne stvaraju buku<\/li>\n<\/ul>\n","protected":false},"excerpt":{"rendered":"<p>Dva to\u010dka sa ko\u010dnicama To\u010dkovi koji ne stvaraju buku<\/p>\n","protected":false},"featured_media":3607,"template":"","meta":{"_acf_changed":false},"product_brand":[],"product_cat":[74],"product_tag":[],"class_list":{"0":"post-3606","1":"product","2":"type-product","3":"status-publish","4":"has-post-thumbnail","6":"product_cat-kolica-za-servis","8":"first","9":"outofstock","10":"shipping-taxable","11":"product-type-variable"},"acf":[],"_links":{"self":[{"href":"https:\/\/hotelassortment.com\/sl\/wp-json\/wp\/v2\/product\/3606","targetHints":{"allow":["GET"]}}],"collection":[{"href":"https:\/\/hotelassortment.com\/sl\/wp-json\/wp\/v2\/product"}],"about":[{"href":"https:\/\/hotelassortment.com\/sl\/wp-json\/wp\/v2\/types\/product"}],"wp:featuredmedia":[{"embeddable":true,"href":"https:\/\/hotelassortment.com\/sl\/wp-json\/wp\/v2\/media\/3607"}],"wp:attachment":[{"href":"https:\/\/hotelassortment.com\/sl\/wp-json\/wp\/v2\/media?parent=3606"}],"wp:term":[{"taxonomy":"product_brand","embeddable":true,"href":"https:\/\/hotelassortment.com\/sl\/wp-json\/wp\/v2\/product_brand?post=3606"},{"taxonomy":"product_cat","embeddable":true,"href":"https:\/\/hotelassortment.com\/sl\/wp-json\/wp\/v2\/product_cat?post=3606"},{"taxonomy":"product_tag","embeddable":true,"href":"https:\/\/hotelassortment.com\/sl\/wp-json\/wp\/v2\/product_tag?post=3606"}],"curies":[{"name":"wp","href":"https:\/\/api.w.org\/{rel}","templated":true}]}}