{"id":3596,"date":"2023-12-01T22:29:56","date_gmt":"2023-12-01T22:29:56","guid":{"rendered":"https:\/\/hotelskaoprema.ba\/?post_type=product&#038;p=3596"},"modified":"2024-09-12T13:57:25","modified_gmt":"2024-09-12T13:57:25","slug":"rasklopiva-kolica-od-za-kofere","status":"publish","type":"product","link":"https:\/\/hotelassortment.com\/sl\/artikli\/rasklopiva-kolica-od-za-kofere","title":{"rendered":"Rasklopiva kolica za kofere"},"content":{"rendered":"<ul>\n<li>Kolica prekrivena tkaninom kako bi prenosive stvari ostale neo\u0161te\u0107ene<\/li>\n<li>To\u010dkovi koji ne stvaraju buku<\/li>\n<\/ul>\n","protected":false},"excerpt":{"rendered":"<p>Kolica prekrivena tkaninom kako bi prenosive stvari ostale neo\u0161te\u0107ene To\u010dkovi koji ne stvaraju buku<\/p>\n","protected":false},"featured_media":3597,"template":"","meta":{"_acf_changed":false},"product_brand":[],"product_cat":[73],"product_tag":[],"class_list":{"0":"post-3596","1":"product","2":"type-product","3":"status-publish","4":"has-post-thumbnail","6":"product_cat-kolica-za-prevoz-kofera-i-tereta","8":"first","9":"instock","10":"shipping-taxable","11":"product-type-variable"},"acf":[],"_links":{"self":[{"href":"https:\/\/hotelassortment.com\/sl\/wp-json\/wp\/v2\/product\/3596","targetHints":{"allow":["GET"]}}],"collection":[{"href":"https:\/\/hotelassortment.com\/sl\/wp-json\/wp\/v2\/product"}],"about":[{"href":"https:\/\/hotelassortment.com\/sl\/wp-json\/wp\/v2\/types\/product"}],"wp:featuredmedia":[{"embeddable":true,"href":"https:\/\/hotelassortment.com\/sl\/wp-json\/wp\/v2\/media\/3597"}],"wp:attachment":[{"href":"https:\/\/hotelassortment.com\/sl\/wp-json\/wp\/v2\/media?parent=3596"}],"wp:term":[{"taxonomy":"product_brand","embeddable":true,"href":"https:\/\/hotelassortment.com\/sl\/wp-json\/wp\/v2\/product_brand?post=3596"},{"taxonomy":"product_cat","embeddable":true,"href":"https:\/\/hotelassortment.com\/sl\/wp-json\/wp\/v2\/product_cat?post=3596"},{"taxonomy":"product_tag","embeddable":true,"href":"https:\/\/hotelassortment.com\/sl\/wp-json\/wp\/v2\/product_tag?post=3596"}],"curies":[{"name":"wp","href":"https:\/\/api.w.org\/{rel}","templated":true}]}}