{"id":3581,"date":"2023-12-01T21:37:38","date_gmt":"2023-12-01T21:37:38","guid":{"rendered":"https:\/\/hotelskaoprema.ba\/?post_type=product&#038;p=3581"},"modified":"2024-09-12T13:40:33","modified_gmt":"2024-09-12T13:40:33","slug":"kolica-za-ciscenje-sa-vrecom-za-smece-2","status":"publish","type":"product","link":"https:\/\/hotelassortment.com\/sl\/artikli\/kolica-za-ciscenje-sa-vrecom-za-smece-2","title":{"rendered":"Kolica za \u010di\u0161\u0107enje sa vre\u0107om za sme\u0107e"},"content":{"rendered":"<ul>\n<li>Polipropilen<\/li>\n<li>Kapacitet kante za sme\u0107e 75l<\/li>\n<li>Kapacitet kanti za \u010di\u0161\u0107enje 2 x 25l<\/li>\n<li>To\u010dkovi koji ne stvaraju buku<\/li>\n<\/ul>\n","protected":false},"excerpt":{"rendered":"<p>Polipropilen Kapacitet kante za sme\u0107e 75l Kapacitet kanti za \u010di\u0161\u0107enje 2 x 25l To\u010dkovi koji ne stvaraju buku<\/p>\n","protected":false},"featured_media":3582,"template":"","meta":{"_acf_changed":false},"product_brand":[],"product_cat":[72],"product_tag":[],"class_list":{"0":"post-3581","1":"product","2":"type-product","3":"status-publish","4":"has-post-thumbnail","6":"product_cat-kolica-za-ciscenje-i-odvoz-smeca","8":"first","9":"outofstock","10":"shipping-taxable","11":"product-type-variable"},"acf":[],"_links":{"self":[{"href":"https:\/\/hotelassortment.com\/sl\/wp-json\/wp\/v2\/product\/3581","targetHints":{"allow":["GET"]}}],"collection":[{"href":"https:\/\/hotelassortment.com\/sl\/wp-json\/wp\/v2\/product"}],"about":[{"href":"https:\/\/hotelassortment.com\/sl\/wp-json\/wp\/v2\/types\/product"}],"wp:featuredmedia":[{"embeddable":true,"href":"https:\/\/hotelassortment.com\/sl\/wp-json\/wp\/v2\/media\/3582"}],"wp:attachment":[{"href":"https:\/\/hotelassortment.com\/sl\/wp-json\/wp\/v2\/media?parent=3581"}],"wp:term":[{"taxonomy":"product_brand","embeddable":true,"href":"https:\/\/hotelassortment.com\/sl\/wp-json\/wp\/v2\/product_brand?post=3581"},{"taxonomy":"product_cat","embeddable":true,"href":"https:\/\/hotelassortment.com\/sl\/wp-json\/wp\/v2\/product_cat?post=3581"},{"taxonomy":"product_tag","embeddable":true,"href":"https:\/\/hotelassortment.com\/sl\/wp-json\/wp\/v2\/product_tag?post=3581"}],"curies":[{"name":"wp","href":"https:\/\/api.w.org\/{rel}","templated":true}]}}