{"id":3569,"date":"2023-12-01T20:53:06","date_gmt":"2023-12-01T20:53:06","guid":{"rendered":"https:\/\/hotelskaoprema.ba\/?post_type=product&#038;p=3569"},"modified":"2023-12-17T19:54:31","modified_gmt":"2023-12-17T19:54:31","slug":"kolica-za-sobarice-za-dovoz-cistog-vesa","status":"publish","type":"product","link":"https:\/\/hotelassortment.com\/sl\/artikli\/kolica-za-sobarice-za-dovoz-cistog-vesa","title":{"rendered":"Kolica za sobarice za dovoz \u010distog ve\u0161a"},"content":{"rendered":"<ul>\n<li>To\u010dkovi koji ne stvaraju buku<\/li>\n<li>Dva to\u010dka sa ko\u010dnicama<\/li>\n<li>Cerada sa prednje strane sa rajsfer\u0161lusom<\/li>\n<li>Namijenjena za dovoz \u010distog ve\u0161a<\/li>\n<\/ul>\n","protected":false},"excerpt":{"rendered":"<p>To\u010dkovi koji ne stvaraju buku Dva to\u010dka sa ko\u010dnicama Cerada sa prednje strane sa rajsfer\u0161lusom Namijenjena za dovoz \u010distog ve\u0161a<\/p>\n","protected":false},"featured_media":3570,"template":"","meta":{"_acf_changed":false},"product_brand":[],"product_cat":[71],"product_tag":[],"class_list":{"0":"post-3569","1":"product","2":"type-product","3":"status-publish","4":"has-post-thumbnail","6":"product_cat-kolica-za-sobarice","8":"first","9":"outofstock","10":"shipping-taxable","11":"product-type-variable"},"acf":[],"_links":{"self":[{"href":"https:\/\/hotelassortment.com\/sl\/wp-json\/wp\/v2\/product\/3569","targetHints":{"allow":["GET"]}}],"collection":[{"href":"https:\/\/hotelassortment.com\/sl\/wp-json\/wp\/v2\/product"}],"about":[{"href":"https:\/\/hotelassortment.com\/sl\/wp-json\/wp\/v2\/types\/product"}],"wp:featuredmedia":[{"embeddable":true,"href":"https:\/\/hotelassortment.com\/sl\/wp-json\/wp\/v2\/media\/3570"}],"wp:attachment":[{"href":"https:\/\/hotelassortment.com\/sl\/wp-json\/wp\/v2\/media?parent=3569"}],"wp:term":[{"taxonomy":"product_brand","embeddable":true,"href":"https:\/\/hotelassortment.com\/sl\/wp-json\/wp\/v2\/product_brand?post=3569"},{"taxonomy":"product_cat","embeddable":true,"href":"https:\/\/hotelassortment.com\/sl\/wp-json\/wp\/v2\/product_cat?post=3569"},{"taxonomy":"product_tag","embeddable":true,"href":"https:\/\/hotelassortment.com\/sl\/wp-json\/wp\/v2\/product_tag?post=3569"}],"curies":[{"name":"wp","href":"https:\/\/api.w.org\/{rel}","templated":true}]}}