{"id":3565,"date":"2023-12-01T19:30:58","date_gmt":"2023-12-01T19:30:58","guid":{"rendered":"https:\/\/hotelskaoprema.ba\/?post_type=product&#038;p=3565"},"modified":"2024-09-12T12:53:07","modified_gmt":"2024-09-12T12:53:07","slug":"kolica-za-sobarice-sa-dvije-vrece-2","status":"publish","type":"product","link":"https:\/\/hotelassortment.com\/sl\/artikli\/kolica-za-sobarice-sa-dvije-vrece-2","title":{"rendered":"Kolica za sobarice sa dvije vre\u0107e"},"content":{"rendered":"<ul>\n<li>Dvije platnene vre\u0107e<\/li>\n<li>Mogu\u0107nost skidanja platnene vre\u0107e<\/li>\n<li>To\u010dkovi koji ne stvaraju buku<\/li>\n<li>Dva to\u010dka sa ko\u010dnicama<\/li>\n<li>Namijenjena za odvoz prljavog ve\u0161a<\/li>\n<\/ul>\n","protected":false},"excerpt":{"rendered":"<p>Dvije platnene vre\u0107e Mogu\u0107nost skidanja platnene vre\u0107e To\u010dkovi koji ne stvaraju buku Dva to\u010dka sa ko\u010dnicama Namijenjena za odvoz prljavog ve\u0161a<\/p>\n","protected":false},"featured_media":3566,"template":"","meta":{"_acf_changed":false},"product_brand":[],"product_cat":[71],"product_tag":[],"class_list":{"0":"post-3565","1":"product","2":"type-product","3":"status-publish","4":"has-post-thumbnail","6":"product_cat-kolica-za-sobarice","8":"first","9":"outofstock","10":"shipping-taxable","11":"product-type-variable"},"acf":[],"_links":{"self":[{"href":"https:\/\/hotelassortment.com\/sl\/wp-json\/wp\/v2\/product\/3565","targetHints":{"allow":["GET"]}}],"collection":[{"href":"https:\/\/hotelassortment.com\/sl\/wp-json\/wp\/v2\/product"}],"about":[{"href":"https:\/\/hotelassortment.com\/sl\/wp-json\/wp\/v2\/types\/product"}],"wp:featuredmedia":[{"embeddable":true,"href":"https:\/\/hotelassortment.com\/sl\/wp-json\/wp\/v2\/media\/3566"}],"wp:attachment":[{"href":"https:\/\/hotelassortment.com\/sl\/wp-json\/wp\/v2\/media?parent=3565"}],"wp:term":[{"taxonomy":"product_brand","embeddable":true,"href":"https:\/\/hotelassortment.com\/sl\/wp-json\/wp\/v2\/product_brand?post=3565"},{"taxonomy":"product_cat","embeddable":true,"href":"https:\/\/hotelassortment.com\/sl\/wp-json\/wp\/v2\/product_cat?post=3565"},{"taxonomy":"product_tag","embeddable":true,"href":"https:\/\/hotelassortment.com\/sl\/wp-json\/wp\/v2\/product_tag?post=3565"}],"curies":[{"name":"wp","href":"https:\/\/api.w.org\/{rel}","templated":true}]}}