{"id":3563,"date":"2023-12-01T19:27:08","date_gmt":"2023-12-01T19:27:08","guid":{"rendered":"https:\/\/hotelskaoprema.ba\/?post_type=product&#038;p=3563"},"modified":"2023-12-17T19:52:54","modified_gmt":"2023-12-17T19:52:54","slug":"kolica-za-sobarice-sa-jednom-vrecom-2","status":"publish","type":"product","link":"https:\/\/hotelassortment.com\/sl\/artikli\/kolica-za-sobarice-sa-jednom-vrecom-2","title":{"rendered":"Kolica za sobarice sa jednom vre\u0107om"},"content":{"rendered":"<ul>\n<li>Jedna platnena vre\u0107a<\/li>\n<li>Mogu\u0107nost skidanja platnene vre\u0107e<\/li>\n<li>To\u010dkovi koji ne stvaraju buku<\/li>\n<li>Dva to\u010dka sa ko\u010dnicama<\/li>\n<li>Namijenjena za odvoz prljavog ve\u0161a<\/li>\n<\/ul>\n","protected":false},"excerpt":{"rendered":"<p>Jedna platnena vre\u0107a Mogu\u0107nost skidanja platnene vre\u0107e To\u010dkovi koji ne stvaraju buku Dva to\u010dka sa ko\u010dnicama Namijenjena za odvoz prljavog ve\u0161a<\/p>\n","protected":false},"featured_media":3564,"template":"","meta":{"_acf_changed":false},"product_brand":[],"product_cat":[71],"product_tag":[],"class_list":{"0":"post-3563","1":"product","2":"type-product","3":"status-publish","4":"has-post-thumbnail","6":"product_cat-kolica-za-sobarice","8":"first","9":"outofstock","10":"shipping-taxable","11":"product-type-variable"},"acf":[],"_links":{"self":[{"href":"https:\/\/hotelassortment.com\/sl\/wp-json\/wp\/v2\/product\/3563","targetHints":{"allow":["GET"]}}],"collection":[{"href":"https:\/\/hotelassortment.com\/sl\/wp-json\/wp\/v2\/product"}],"about":[{"href":"https:\/\/hotelassortment.com\/sl\/wp-json\/wp\/v2\/types\/product"}],"wp:featuredmedia":[{"embeddable":true,"href":"https:\/\/hotelassortment.com\/sl\/wp-json\/wp\/v2\/media\/3564"}],"wp:attachment":[{"href":"https:\/\/hotelassortment.com\/sl\/wp-json\/wp\/v2\/media?parent=3563"}],"wp:term":[{"taxonomy":"product_brand","embeddable":true,"href":"https:\/\/hotelassortment.com\/sl\/wp-json\/wp\/v2\/product_brand?post=3563"},{"taxonomy":"product_cat","embeddable":true,"href":"https:\/\/hotelassortment.com\/sl\/wp-json\/wp\/v2\/product_cat?post=3563"},{"taxonomy":"product_tag","embeddable":true,"href":"https:\/\/hotelassortment.com\/sl\/wp-json\/wp\/v2\/product_tag?post=3563"}],"curies":[{"name":"wp","href":"https:\/\/api.w.org\/{rel}","templated":true}]}}