{"id":3559,"date":"2023-12-01T19:16:40","date_gmt":"2023-12-01T19:16:40","guid":{"rendered":"https:\/\/hotelskaoprema.ba\/?post_type=product&#038;p=3559"},"modified":"2025-01-10T21:31:54","modified_gmt":"2025-01-10T21:31:54","slug":"drvena-kolica-za-sobarice-sa-jednom-vrecom","status":"publish","type":"product","link":"https:\/\/hotelassortment.com\/sl\/artikli\/drvena-kolica-za-sobarice-sa-jednom-vrecom","title":{"rendered":"Drvena kolica za sobarice sa jednom vre\u0107om"},"content":{"rendered":"<ul>\n<li>Jedna platnena vre\u0107a<\/li>\n<li>Sklopivi bo\u010dni dio koji \u0161tedi prostor i odgovara svakom liftu<\/li>\n<li>To\u010dkovi koji ne stvaraju buku<\/li>\n<\/ul>\n","protected":false},"excerpt":{"rendered":"<p>Jedna platnena vre\u0107a Sklopivi bo\u010dni dio koji \u0161tedi prostor i odgovara svakom liftu To\u010dkovi koji ne stvaraju buku<\/p>\n","protected":false},"featured_media":3560,"template":"","meta":{"_acf_changed":false},"product_brand":[],"product_cat":[71],"product_tag":[],"class_list":{"0":"post-3559","1":"product","2":"type-product","3":"status-publish","4":"has-post-thumbnail","6":"product_cat-kolica-za-sobarice","8":"first","9":"outofstock","10":"shipping-taxable","11":"product-type-variable"},"acf":[],"_links":{"self":[{"href":"https:\/\/hotelassortment.com\/sl\/wp-json\/wp\/v2\/product\/3559","targetHints":{"allow":["GET"]}}],"collection":[{"href":"https:\/\/hotelassortment.com\/sl\/wp-json\/wp\/v2\/product"}],"about":[{"href":"https:\/\/hotelassortment.com\/sl\/wp-json\/wp\/v2\/types\/product"}],"wp:featuredmedia":[{"embeddable":true,"href":"https:\/\/hotelassortment.com\/sl\/wp-json\/wp\/v2\/media\/3560"}],"wp:attachment":[{"href":"https:\/\/hotelassortment.com\/sl\/wp-json\/wp\/v2\/media?parent=3559"}],"wp:term":[{"taxonomy":"product_brand","embeddable":true,"href":"https:\/\/hotelassortment.com\/sl\/wp-json\/wp\/v2\/product_brand?post=3559"},{"taxonomy":"product_cat","embeddable":true,"href":"https:\/\/hotelassortment.com\/sl\/wp-json\/wp\/v2\/product_cat?post=3559"},{"taxonomy":"product_tag","embeddable":true,"href":"https:\/\/hotelassortment.com\/sl\/wp-json\/wp\/v2\/product_tag?post=3559"}],"curies":[{"name":"wp","href":"https:\/\/api.w.org\/{rel}","templated":true}]}}