{"id":3548,"date":"2023-12-01T18:46:49","date_gmt":"2023-12-01T18:46:49","guid":{"rendered":"https:\/\/hotelskaoprema.ba\/?post_type=product&#038;p=3548"},"modified":"2024-09-09T14:14:48","modified_gmt":"2024-09-09T14:14:48","slug":"laptop-sef","status":"publish","type":"product","link":"https:\/\/hotelassortment.com\/sl\/artikli\/laptop-sef","title":{"rendered":"Laptop sef"},"content":{"rendered":"<ul>\n<li>Elektronska display brava + dodatna mehani\u010dka brava<\/li>\n<li>Sigurnosna \u0161ifra od 4 do 6 brojeva<\/li>\n<li>Memorisanje posljednjih 100 otvaranja i zatvaranja<\/li>\n<li>Mogu\u0107nost otvaranja pomo\u0107u CEU ure\u0111aja<\/li>\n<\/ul>\n","protected":false},"excerpt":{"rendered":"<p>Elektronska display brava + dodatna mehani\u010dka brava Sigurnosna \u0161ifra od 4 do 6 brojeva Memorisanje posljednjih 100 otvaranja i zatvaranja Mogu\u0107nost otvaranja pomo\u0107u CEU ure\u0111aja<\/p>\n","protected":false},"featured_media":3549,"template":"","meta":{"_acf_changed":false},"product_brand":[],"product_cat":[70],"product_tag":[],"class_list":{"0":"post-3548","1":"product","2":"type-product","3":"status-publish","4":"has-post-thumbnail","6":"product_cat-sefovi","8":"first","9":"instock","10":"shipping-taxable","11":"product-type-variable"},"acf":[],"_links":{"self":[{"href":"https:\/\/hotelassortment.com\/sl\/wp-json\/wp\/v2\/product\/3548","targetHints":{"allow":["GET"]}}],"collection":[{"href":"https:\/\/hotelassortment.com\/sl\/wp-json\/wp\/v2\/product"}],"about":[{"href":"https:\/\/hotelassortment.com\/sl\/wp-json\/wp\/v2\/types\/product"}],"wp:featuredmedia":[{"embeddable":true,"href":"https:\/\/hotelassortment.com\/sl\/wp-json\/wp\/v2\/media\/3549"}],"wp:attachment":[{"href":"https:\/\/hotelassortment.com\/sl\/wp-json\/wp\/v2\/media?parent=3548"}],"wp:term":[{"taxonomy":"product_brand","embeddable":true,"href":"https:\/\/hotelassortment.com\/sl\/wp-json\/wp\/v2\/product_brand?post=3548"},{"taxonomy":"product_cat","embeddable":true,"href":"https:\/\/hotelassortment.com\/sl\/wp-json\/wp\/v2\/product_cat?post=3548"},{"taxonomy":"product_tag","embeddable":true,"href":"https:\/\/hotelassortment.com\/sl\/wp-json\/wp\/v2\/product_tag?post=3548"}],"curies":[{"name":"wp","href":"https:\/\/api.w.org\/{rel}","templated":true}]}}