{"id":3542,"date":"2023-12-01T18:26:50","date_gmt":"2023-12-01T18:26:50","guid":{"rendered":"https:\/\/hotelskaoprema.ba\/?post_type=product&#038;p=3542"},"modified":"2024-09-13T08:44:55","modified_gmt":"2024-09-13T08:44:55","slug":"ledomat","status":"publish","type":"product","link":"https:\/\/hotelassortment.com\/sl\/artikli\/ledomat","title":{"rendered":"Ledomat"},"content":{"rendered":"<ul>\n<li>Kapacitet proizvodnje leda 48kg\/24h<\/li>\n<li>Kapacitet skladi\u0161tenja leda 20kg<\/li>\n<li>Direktan spoj na vodnu mre\u017eu<\/li>\n<li>Nehr\u0111aju\u0107i \u010delik<\/li>\n<\/ul>\n","protected":false},"excerpt":{"rendered":"<p>Kapacitet proizvodnje leda 48kg\/24h Kapacitet skladi\u0161tenja leda 20kg Direktan spoj na vodnu mre\u017eu Nehr\u0111aju\u0107i \u010delik<\/p>\n","protected":false},"featured_media":3543,"template":"","meta":{"_acf_changed":false},"product_brand":[],"product_cat":[69],"product_tag":[],"class_list":{"0":"post-3542","1":"product","2":"type-product","3":"status-publish","4":"has-post-thumbnail","6":"product_cat-ledomati","8":"first","9":"outofstock","10":"shipping-taxable","11":"product-type-variable"},"acf":[],"_links":{"self":[{"href":"https:\/\/hotelassortment.com\/sl\/wp-json\/wp\/v2\/product\/3542","targetHints":{"allow":["GET"]}}],"collection":[{"href":"https:\/\/hotelassortment.com\/sl\/wp-json\/wp\/v2\/product"}],"about":[{"href":"https:\/\/hotelassortment.com\/sl\/wp-json\/wp\/v2\/types\/product"}],"wp:featuredmedia":[{"embeddable":true,"href":"https:\/\/hotelassortment.com\/sl\/wp-json\/wp\/v2\/media\/3543"}],"wp:attachment":[{"href":"https:\/\/hotelassortment.com\/sl\/wp-json\/wp\/v2\/media?parent=3542"}],"wp:term":[{"taxonomy":"product_brand","embeddable":true,"href":"https:\/\/hotelassortment.com\/sl\/wp-json\/wp\/v2\/product_brand?post=3542"},{"taxonomy":"product_cat","embeddable":true,"href":"https:\/\/hotelassortment.com\/sl\/wp-json\/wp\/v2\/product_cat?post=3542"},{"taxonomy":"product_tag","embeddable":true,"href":"https:\/\/hotelassortment.com\/sl\/wp-json\/wp\/v2\/product_tag?post=3542"}],"curies":[{"name":"wp","href":"https:\/\/api.w.org\/{rel}","templated":true}]}}